{"id":3648,"date":"2025-05-27T17:26:41","date_gmt":"2025-05-27T15:26:41","guid":{"rendered":"https:\/\/behindthebench.institute\/?post_type=product&#038;p=3648"},"modified":"2025-05-27T18:21:58","modified_gmt":"2025-05-27T16:21:58","slug":"curso-presencial-liderazgo-eficiente-claves-de-la-persuasion-y-la-comunicacion","status":"publish","type":"product","link":"https:\/\/behindthebench.institute\/ja\/product\/curso-presencial-liderazgo-eficiente-claves-de-la-persuasion-y-la-comunicacion\/","title":{"rendered":"\u5bfe\u9762\u5f0f\u30b3\u30fc\u30b9\u3002\u52b9\u7387\u7684\u306a\u30ea\u30fc\u30c0\u30fc\u30b7\u30c3\u30d7\u8aac\u5f97\u3068\u30b3\u30df\u30e5\u30cb\u30b1\u30fc\u30b7\u30e7\u30f3\u306e\u9375"},"content":{"rendered":"<p>\u30ea\u30fc\u30c9\u3059\u308b\u306e\u304b\u3001\u305d\u308c\u3068\u3082\u6307\u793a\u3059\u308b\u306e\u304b\uff1f<\/p>\n<p>\u6765\u90316\u670814\u65e5\uff08\u571f\uff09\u3001\u30de\u30c9\u30ea\u30fc\u30c9\u306b\u3066\u3001\u3042\u306a\u305f\u306e\u30b3\u30df\u30e5\u30cb\u30b1\u30fc\u30b7\u30e7\u30f3\u3001\u5f71\u97ff\u529b\u3001\u30c1\u30fc\u30e0\u30fb\u30ea\u30fc\u30c0\u30fc\u3068\u3057\u3066\u306e\u3042\u308a\u65b9\u3092\u5909\u3048\u308b\u30c8\u30ec\u30fc\u30cb\u30f3\u30b0\u30fb\u30b3\u30fc\u30b9\u3092\u958b\u50ac\u3057\u307e\u3059\u3002\u30a8\u30b9\u30c8\u30a5\u30c7\u30a3\u30a2\u30f3\u30c6\u30b9\u3084\u30ec\u30a2\u30eb\u30fb\u30d9\u30c6\u30a3\u30b9\u30fb\u30d0\u30ed\u30f3\u30bb\u30b9\u30c8\u306a\u3069\u306e\u30af\u30e9\u30d6\u3067\u7d4c\u9a13\u3092\u7a4d\u3093\u3060\u30d1\u30ec\u30f3\u30b7\u30a2\u30fb\u30d0\u30b9\u30b1\u30c3\u30c8\u306e\u30d1\u30d5\u30a9\u30fc\u30de\u30f3\u30b9\u8cac\u4efb\u8005\u3001\u30a2\u30eb\u30ca\u30a6\u30fb\u30e2\u30ec\u30ce\u304c\u8b1b\u5e2b\u3092\u52d9\u3081\u307e\u3059\u3002<\/p>\n<p>\u3042\u306a\u305f\u306f\u6b21\u306e\u3053\u3068\u3092\u5b66\u3076\u3060\u308d\u3046\uff1a<br \/>\n\u2714\ufe0f \u62bc\u3057\u4ed8\u3051\u308b\u3053\u3068\u306a\u304f\u3001\u6a29\u5a01\u3092\u3082\u3063\u3066\u6307\u5c0e\u3059\u308b<br \/>\n\u2714\ufe0f \u660e\u78ba\u306b\u4f1d\u3048\u3001\u672c\u5f53\u306b\u3064\u306a\u304c\u308b<br \/>\n\u2714\ufe0f \u50be\u8074\u3001\u5171\u611f\u3001\u81ea\u4fe1\u3092\u901a\u3058\u305f\u5f71\u97ff\u529b<\/p>\n<p>\u5834\u6240\uff1a\u30de\u30c9\u30ea\u30c3\u30c9<br \/>\n\u6240\u8981\u6642\u9593\uff1a6\u6642\u9593<\/p>","protected":false},"excerpt":{"rendered":"<p>\u3042\u306a\u305f\u306f\u6307\u5c0e\u8005\u3067\u3059\u304b\u3001\u305d\u308c\u3068\u3082\u7ba1\u7406\u8005\u3067\u3059\u304b\uff1f\u6765\u90316\u670814\u65e5\uff08\u571f\uff09\u3001\u30de\u30c9\u30ea\u30fc\u30c9\u3067\u3001\u3042\u306a\u305f\u306e\u30b3\u30df\u30e5\u30cb\u30b1\u30fc\u30b7\u30e7\u30f3\u3001\u5f71\u97ff\u529b\u3001\u30c1\u30fc\u30e0\u30fb\u30ea\u30fc\u30c0\u30fc\u3068\u3057\u3066\u306e\u3042\u308a\u65b9\u3092\u5909\u3048\u308b\u30c8\u30ec\u30fc\u30cb\u30f3\u30b0\u30fb\u30b3\u30fc\u30b9\u3092\u958b\u50ac\u3057\u307e\u3059\u3002\u8b1b\u5e2b\u306f\u3001\u30a8\u30b9\u30c8\u30a5\u30c7\u30a3\u30a2\u30f3\u30c6\u30b9\u3084\u30ec\u30a2\u30eb\u30fb\u30d9\u30c6\u30a3\u30b9\u30fb\u30d0\u30ed\u30f3\u30bb\u30b9\u30c8\u306a\u3069\u306e\u30af\u30e9\u30d6\u3067\u7d4c\u9a13\u3092\u7a4d\u3093\u3060\u3001\u30d1\u30ec\u30f3\u30b7\u30a2\u30fb\u30d0\u30b9\u30b1\u30c3\u30c8\u306e\u30d1\u30d5\u30a9\u30fc\u30de\u30f3\u30b9\u8cac\u4efb\u8005\u30a2\u30eb\u30ca\u30a6\u30fb\u30e2\u30ec\u30ce\u3002\u4ee5\u4e0b\u306e\u3053\u3068\u3092\u5b66\u3076\uff1a\u2714\ufe0f \u660e\u78ba\u306a\u30b3\u30df\u30e5\u30cb\u30b1\u30fc\u30b7\u30e7\u30f3\u3068\u771f\u306e\u3064\u306a\u304c\u308a \u2714\ufe0f \u50be\u8074\u3001\u5171\u611f\u3001\u81ea\u4fe1\u304b\u3089\u306e\u5f71\u97ff\u529b \ud83d\udccd \u5834\u6240\uff1a\u30de\u30c9\u30ea\u30c3\u30c9 \ud83d\udd52 \u6240\u8981\u6642\u9593\uff1a6\u6642\u9593<\/p>","protected":false},"featured_media":3649,"template":"","meta":[],"product_cat":[21],"product_tag":[],"class_list":{"0":"post-3648","1":"product","2":"type-product","3":"status-publish","4":"has-post-thumbnail","6":"product_cat-sin-categorizar","8":"first","9":"instock","10":"shipping-taxable","11":"purchasable","12":"product-type-simple"},"yoast_head":"<!-- This site is optimized with the Yoast SEO plugin v22.9 - https:\/\/yoast.com\/wordpress\/plugins\/seo\/ -->\n<title>Curso Presencial. LIDERAZGO EFICIENTE. Claves de la Persuasi\u00f3n y la Comunicaci\u00f3n - The Behind the Bench Institute<\/title>\n<meta name=\"robots\" content=\"index, follow, max-snippet:-1, max-image-preview:large, max-video-preview:-1\" \/>\n<link rel=\"canonical\" href=\"https:\/\/behindthebench.institute\/ja\/product\/curso-presencial-liderazgo-eficiente-claves-de-la-persuasion-y-la-comunicacion\/\" \/>\n<meta property=\"og:locale\" content=\"ja_JP\" \/>\n<meta property=\"og:type\" content=\"article\" \/>\n<meta property=\"og:title\" content=\"Curso Presencial. LIDERAZGO EFICIENTE. Claves de la Persuasi\u00f3n y la Comunicaci\u00f3n - The Behind the Bench Institute\" \/>\n<meta property=\"og:description\" content=\"\u00bfLideras o solo diriges? El pr\u00f3ximo s\u00e1bado 14 de junio te esperamos en Madrid para una formaci\u00f3n que transformar\u00e1 tu forma de comunicar, influir y liderar equipos. El curso ser\u00e1 impartido por Arnau Moreno, jefe de rendimiento del Palencia Basket, con experiencia en clubes como Estudiantes o Real Betis Baloncesto. Aprender\u00e1s a: \u2714\ufe0f Liderar con autoridad sin imponer \u2714\ufe0f Comunicar con claridad y conectar de verdad \u2714\ufe0f Influir desde la escucha, la empat\u00eda y la seguridad \ud83d\udccd Ubicaci\u00f3n: Madrid \ud83d\udd52 Duraci\u00f3n: 6 horas\" \/>\n<meta property=\"og:url\" content=\"https:\/\/behindthebench.institute\/ja\/product\/curso-presencial-liderazgo-eficiente-claves-de-la-persuasion-y-la-comunicacion\/\" \/>\n<meta property=\"og:site_name\" content=\"The Behind the Bench Institute\" \/>\n<meta property=\"article:modified_time\" content=\"2025-05-27T16:21:58+00:00\" \/>\n<meta property=\"og:image\" content=\"https:\/\/behindthebench.institute\/wp-content\/uploads\/2025\/05\/arnau-moreno.png\" \/>\n\t<meta property=\"og:image:width\" content=\"1080\" \/>\n\t<meta property=\"og:image:height\" content=\"1080\" \/>\n\t<meta property=\"og:image:type\" content=\"image\/png\" \/>\n<meta name=\"twitter:card\" content=\"summary_large_image\" \/>\n<meta name=\"twitter:label1\" content=\"\u63a8\u5b9a\u8aad\u307f\u53d6\u308a\u6642\u9593\" \/>\n\t<meta name=\"twitter:data1\" content=\"1\u5206\" \/>\n<script type=\"application\/ld+json\" class=\"yoast-schema-graph\">{\"@context\":\"https:\/\/schema.org\",\"@graph\":[{\"@type\":\"WebPage\",\"@id\":\"https:\/\/behindthebench.institute\/producto\/curso-presencial-liderazgo-eficiente-claves-de-la-persuasion-y-la-comunicacion\/\",\"url\":\"https:\/\/behindthebench.institute\/producto\/curso-presencial-liderazgo-eficiente-claves-de-la-persuasion-y-la-comunicacion\/\",\"name\":\"Curso Presencial. LIDERAZGO EFICIENTE. Claves de la Persuasi\u00f3n y la Comunicaci\u00f3n - The Behind the Bench Institute\",\"isPartOf\":{\"@id\":\"https:\/\/behindthebench.institute\/#website\"},\"primaryImageOfPage\":{\"@id\":\"https:\/\/behindthebench.institute\/producto\/curso-presencial-liderazgo-eficiente-claves-de-la-persuasion-y-la-comunicacion\/#primaryimage\"},\"image\":{\"@id\":\"https:\/\/behindthebench.institute\/producto\/curso-presencial-liderazgo-eficiente-claves-de-la-persuasion-y-la-comunicacion\/#primaryimage\"},\"thumbnailUrl\":\"https:\/\/behindthebench.institute\/wp-content\/uploads\/2025\/05\/arnau-moreno.png\",\"datePublished\":\"2025-05-27T15:26:41+00:00\",\"dateModified\":\"2025-05-27T16:21:58+00:00\",\"breadcrumb\":{\"@id\":\"https:\/\/behindthebench.institute\/producto\/curso-presencial-liderazgo-eficiente-claves-de-la-persuasion-y-la-comunicacion\/#breadcrumb\"},\"inLanguage\":\"ja\",\"potentialAction\":[{\"@type\":\"ReadAction\",\"target\":[\"https:\/\/behindthebench.institute\/producto\/curso-presencial-liderazgo-eficiente-claves-de-la-persuasion-y-la-comunicacion\/\"]}]},{\"@type\":\"ImageObject\",\"inLanguage\":\"ja\",\"@id\":\"https:\/\/behindthebench.institute\/producto\/curso-presencial-liderazgo-eficiente-claves-de-la-persuasion-y-la-comunicacion\/#primaryimage\",\"url\":\"https:\/\/behindthebench.institute\/wp-content\/uploads\/2025\/05\/arnau-moreno.png\",\"contentUrl\":\"https:\/\/behindthebench.institute\/wp-content\/uploads\/2025\/05\/arnau-moreno.png\",\"width\":1080,\"height\":1080},{\"@type\":\"BreadcrumbList\",\"@id\":\"https:\/\/behindthebench.institute\/producto\/curso-presencial-liderazgo-eficiente-claves-de-la-persuasion-y-la-comunicacion\/#breadcrumb\",\"itemListElement\":[{\"@type\":\"ListItem\",\"position\":1,\"name\":\"Portada\",\"item\":\"https:\/\/behindthebench.institute\/\"},{\"@type\":\"ListItem\",\"position\":2,\"name\":\"Tienda\",\"item\":\"https:\/\/behindthebench.institute\/tienda\/\"},{\"@type\":\"ListItem\",\"position\":3,\"name\":\"Curso Presencial. LIDERAZGO EFICIENTE. Claves de la Persuasi\u00f3n y la Comunicaci\u00f3n\"}]},{\"@type\":\"WebSite\",\"@id\":\"https:\/\/behindthebench.institute\/#website\",\"url\":\"https:\/\/behindthebench.institute\/\",\"name\":\"The Behind the Bench Institute\",\"description\":\"Formaci\u00f3n en basketball management.\",\"publisher\":{\"@id\":\"https:\/\/behindthebench.institute\/#organization\"},\"potentialAction\":[{\"@type\":\"SearchAction\",\"target\":{\"@type\":\"EntryPoint\",\"urlTemplate\":\"https:\/\/behindthebench.institute\/?s={search_term_string}\"},\"query-input\":\"required name=search_term_string\"}],\"inLanguage\":\"ja\"},{\"@type\":\"Organization\",\"@id\":\"https:\/\/behindthebench.institute\/#organization\",\"name\":\"The Behind the Bench Institute\",\"url\":\"https:\/\/behindthebench.institute\/\",\"logo\":{\"@type\":\"ImageObject\",\"inLanguage\":\"ja\",\"@id\":\"https:\/\/behindthebench.institute\/#\/schema\/logo\/image\/\",\"url\":\"https:\/\/behindthebench.institute\/wp-content\/uploads\/2024\/01\/logoweb-blanco-behind-the-bench.png\",\"contentUrl\":\"https:\/\/behindthebench.institute\/wp-content\/uploads\/2024\/01\/logoweb-blanco-behind-the-bench.png\",\"width\":282,\"height\":200,\"caption\":\"The Behind the Bench Institute\"},\"image\":{\"@id\":\"https:\/\/behindthebench.institute\/#\/schema\/logo\/image\/\"}}]}<\/script>\n<!-- \/ Yoast SEO plugin. -->","yoast_head_json":{"title":"Curso Presencial. LIDERAZGO EFICIENTE. Claves de la Persuasi\u00f3n y la Comunicaci\u00f3n - The Behind the Bench Institute","robots":{"index":"index","follow":"follow","max-snippet":"max-snippet:-1","max-image-preview":"max-image-preview:large","max-video-preview":"max-video-preview:-1"},"canonical":"https:\/\/behindthebench.institute\/ja\/product\/curso-presencial-liderazgo-eficiente-claves-de-la-persuasion-y-la-comunicacion\/","og_locale":"ja_JP","og_type":"article","og_title":"Curso Presencial. LIDERAZGO EFICIENTE. Claves de la Persuasi\u00f3n y la Comunicaci\u00f3n - The Behind the Bench Institute","og_description":"\u00bfLideras o solo diriges? El pr\u00f3ximo s\u00e1bado 14 de junio te esperamos en Madrid para una formaci\u00f3n que transformar\u00e1 tu forma de comunicar, influir y liderar equipos. El curso ser\u00e1 impartido por Arnau Moreno, jefe de rendimiento del Palencia Basket, con experiencia en clubes como Estudiantes o Real Betis Baloncesto. Aprender\u00e1s a: \u2714\ufe0f Liderar con autoridad sin imponer \u2714\ufe0f Comunicar con claridad y conectar de verdad \u2714\ufe0f Influir desde la escucha, la empat\u00eda y la seguridad \ud83d\udccd Ubicaci\u00f3n: Madrid \ud83d\udd52 Duraci\u00f3n: 6 horas","og_url":"https:\/\/behindthebench.institute\/ja\/product\/curso-presencial-liderazgo-eficiente-claves-de-la-persuasion-y-la-comunicacion\/","og_site_name":"The Behind the Bench Institute","article_modified_time":"2025-05-27T16:21:58+00:00","og_image":[{"width":1080,"height":1080,"url":"https:\/\/behindthebench.institute\/wp-content\/uploads\/2025\/05\/arnau-moreno.png","type":"image\/png"}],"twitter_card":"summary_large_image","twitter_misc":{"\u63a8\u5b9a\u8aad\u307f\u53d6\u308a\u6642\u9593":"1\u5206"},"schema":{"@context":"https:\/\/schema.org","@graph":[{"@type":"WebPage","@id":"https:\/\/behindthebench.institute\/producto\/curso-presencial-liderazgo-eficiente-claves-de-la-persuasion-y-la-comunicacion\/","url":"https:\/\/behindthebench.institute\/producto\/curso-presencial-liderazgo-eficiente-claves-de-la-persuasion-y-la-comunicacion\/","name":"Curso Presencial. LIDERAZGO EFICIENTE. Claves de la Persuasi\u00f3n y la Comunicaci\u00f3n - The Behind the Bench Institute","isPartOf":{"@id":"https:\/\/behindthebench.institute\/#website"},"primaryImageOfPage":{"@id":"https:\/\/behindthebench.institute\/producto\/curso-presencial-liderazgo-eficiente-claves-de-la-persuasion-y-la-comunicacion\/#primaryimage"},"image":{"@id":"https:\/\/behindthebench.institute\/producto\/curso-presencial-liderazgo-eficiente-claves-de-la-persuasion-y-la-comunicacion\/#primaryimage"},"thumbnailUrl":"https:\/\/behindthebench.institute\/wp-content\/uploads\/2025\/05\/arnau-moreno.png","datePublished":"2025-05-27T15:26:41+00:00","dateModified":"2025-05-27T16:21:58+00:00","breadcrumb":{"@id":"https:\/\/behindthebench.institute\/producto\/curso-presencial-liderazgo-eficiente-claves-de-la-persuasion-y-la-comunicacion\/#breadcrumb"},"inLanguage":"ja","potentialAction":[{"@type":"ReadAction","target":["https:\/\/behindthebench.institute\/producto\/curso-presencial-liderazgo-eficiente-claves-de-la-persuasion-y-la-comunicacion\/"]}]},{"@type":"ImageObject","inLanguage":"ja","@id":"https:\/\/behindthebench.institute\/producto\/curso-presencial-liderazgo-eficiente-claves-de-la-persuasion-y-la-comunicacion\/#primaryimage","url":"https:\/\/behindthebench.institute\/wp-content\/uploads\/2025\/05\/arnau-moreno.png","contentUrl":"https:\/\/behindthebench.institute\/wp-content\/uploads\/2025\/05\/arnau-moreno.png","width":1080,"height":1080},{"@type":"BreadcrumbList","@id":"https:\/\/behindthebench.institute\/producto\/curso-presencial-liderazgo-eficiente-claves-de-la-persuasion-y-la-comunicacion\/#breadcrumb","itemListElement":[{"@type":"ListItem","position":1,"name":"Portada","item":"https:\/\/behindthebench.institute\/"},{"@type":"ListItem","position":2,"name":"Tienda","item":"https:\/\/behindthebench.institute\/tienda\/"},{"@type":"ListItem","position":3,"name":"Curso Presencial. LIDERAZGO EFICIENTE. Claves de la Persuasi\u00f3n y la Comunicaci\u00f3n"}]},{"@type":"WebSite","@id":"https:\/\/behindthebench.institute\/#website","url":"https:\/\/behindthebench.institute\/","name":"The Behind the Bench Institute","description":"Formaci\u00f3n en basketball management.","publisher":{"@id":"https:\/\/behindthebench.institute\/#organization"},"potentialAction":[{"@type":"SearchAction","target":{"@type":"EntryPoint","urlTemplate":"https:\/\/behindthebench.institute\/?s={search_term_string}"},"query-input":"required name=search_term_string"}],"inLanguage":"ja"},{"@type":"Organization","@id":"https:\/\/behindthebench.institute\/#organization","name":"The Behind the Bench Institute","url":"https:\/\/behindthebench.institute\/","logo":{"@type":"ImageObject","inLanguage":"ja","@id":"https:\/\/behindthebench.institute\/#\/schema\/logo\/image\/","url":"https:\/\/behindthebench.institute\/wp-content\/uploads\/2024\/01\/logoweb-blanco-behind-the-bench.png","contentUrl":"https:\/\/behindthebench.institute\/wp-content\/uploads\/2024\/01\/logoweb-blanco-behind-the-bench.png","width":282,"height":200,"caption":"The Behind the Bench Institute"},"image":{"@id":"https:\/\/behindthebench.institute\/#\/schema\/logo\/image\/"}}]}},"_links":{"self":[{"href":"https:\/\/behindthebench.institute\/ja\/wp-json\/wp\/v2\/product\/3648","targetHints":{"allow":["GET"]}}],"collection":[{"href":"https:\/\/behindthebench.institute\/ja\/wp-json\/wp\/v2\/product"}],"about":[{"href":"https:\/\/behindthebench.institute\/ja\/wp-json\/wp\/v2\/types\/product"}],"wp:featuredmedia":[{"embeddable":true,"href":"https:\/\/behindthebench.institute\/ja\/wp-json\/wp\/v2\/media\/3649"}],"wp:attachment":[{"href":"https:\/\/behindthebench.institute\/ja\/wp-json\/wp\/v2\/media?parent=3648"}],"wp:term":[{"taxonomy":"product_cat","embeddable":true,"href":"https:\/\/behindthebench.institute\/ja\/wp-json\/wp\/v2\/product_cat?post=3648"},{"taxonomy":"product_tag","embeddable":true,"href":"https:\/\/behindthebench.institute\/ja\/wp-json\/wp\/v2\/product_tag?post=3648"}],"curies":[{"name":"wp","href":"https:\/\/api.w.org\/{rel}","templated":true}]}}