{"id":3340,"date":"2025-04-30T18:33:06","date_gmt":"2025-04-30T16:33:06","guid":{"rendered":"https:\/\/behindthebench.institute\/?post_type=product&#038;p=3340"},"modified":"2025-05-08T20:52:03","modified_gmt":"2025-05-08T18:52:03","slug":"acceso-al-webinar-mensual","status":"publish","type":"product","link":"https:\/\/behindthebench.institute\/ja\/product\/acceso-al-webinar-mensual\/","title":{"rendered":"\u6708\u4f8b\u30a6\u30a7\u30d3\u30ca\u30fc\u3078\u306e\u30a2\u30af\u30bb\u30b9"},"content":{"rendered":"<p>\u6bce\u6708\u3001\u5c02\u9580\u5bb6\u304c\u30d0\u30b9\u30b1\u30c3\u30c8\u30dc\u30fc\u30eb\u30af\u30e9\u30d6\u306e\u30b9\u30dd\u30fc\u30c4\u30de\u30cd\u30b8\u30e1\u30f3\u30c8\u306b\u95a2\u3059\u308b\u7d4c\u9a13\u3068\u77e5\u8b58\u3092\u5171\u6709\u3057\u307e\u3059\u3002\u30b7\u30fc\u30ba\u30f3\u8a08\u753b\u3001\u30c6\u30af\u30cb\u30ab\u30eb\u30b9\u30bf\u30c3\u30d5\u306e\u69cb\u6210\u3001\u30bf\u30ec\u30f3\u30c8\u306e\u30ea\u30af\u30eb\u30fc\u30c8\u3001\u65e5\u3005\u306e\u30c1\u30fc\u30e0\u904b\u55b6\u304b\u3089\u3001\u30b2\u30fc\u30e0\u30e2\u30c7\u30eb\u3084\u30e6\u30fc\u30b9\u30d7\u30ed\u30b8\u30a7\u30af\u30c8\u306e\u958b\u767a\u306a\u3069\u3001\u3088\u308a\u6226\u7565\u7684\u306a\u554f\u984c\u307e\u3067\u3002<\/p>","protected":false},"excerpt":{"rendered":"<p>\u6bce\u6708\u3001\u5c02\u9580\u5bb6\u304c\u30d0\u30b9\u30b1\u30c3\u30c8\u30dc\u30fc\u30eb\u30af\u30e9\u30d6\u306e\u30b9\u30dd\u30fc\u30c4\u30de\u30cd\u30b8\u30e1\u30f3\u30c8\u306b\u95a2\u3059\u308b\u7d4c\u9a13\u3068\u77e5\u8b58\u3092\u5171\u6709\u3057\u307e\u3059\u3002\u30b7\u30fc\u30ba\u30f3\u8a08\u753b\u3001\u30c6\u30af\u30cb\u30ab\u30eb\u30b9\u30bf\u30c3\u30d5\u306e\u69cb\u6210\u3001\u30bf\u30ec\u30f3\u30c8\u306e\u30ea\u30af\u30eb\u30fc\u30c8\u3001\u65e5\u3005\u306e\u30c1\u30fc\u30e0\u904b\u55b6\u304b\u3089\u3001\u30b2\u30fc\u30e0\u30e2\u30c7\u30eb\u3084\u30e6\u30fc\u30b9\u30d7\u30ed\u30b8\u30a7\u30af\u30c8\u306e\u958b\u767a\u306a\u3069\u3001\u3088\u308a\u6226\u7565\u7684\u306a\u554f\u984c\u307e\u3067\u3002<\/p>","protected":false},"featured_media":3495,"template":"","meta":[],"product_cat":[21],"product_tag":[],"class_list":{"0":"post-3340","1":"product","2":"type-product","3":"status-publish","4":"has-post-thumbnail","6":"product_cat-sin-categorizar","8":"first","9":"instock","10":"shipping-taxable","11":"purchasable","12":"product-type-simple"},"yoast_head":"<!-- This site is optimized with the Yoast SEO plugin v22.9 - https:\/\/yoast.com\/wordpress\/plugins\/seo\/ -->\n<title>Acceso al Webinar Mensual - The Behind the Bench Institute<\/title>\n<meta name=\"robots\" content=\"index, follow, max-snippet:-1, max-image-preview:large, max-video-preview:-1\" \/>\n<link rel=\"canonical\" href=\"https:\/\/behindthebench.institute\/ja\/product\/acceso-al-webinar-mensual\/\" \/>\n<meta property=\"og:locale\" content=\"ja_JP\" \/>\n<meta property=\"og:type\" content=\"article\" \/>\n<meta property=\"og:title\" content=\"Acceso al Webinar Mensual - The Behind the Bench Institute\" \/>\n<meta property=\"og:description\" content=\"Cada mes,\u00a0 nuestros expertos comparten en directo sus experiencias y conocimientos sobre la gesti\u00f3n deportiva de un club de baloncesto. Desde la planificaci\u00f3n de la temporada, la estructura del staff t\u00e9cnico, la captaci\u00f3n de talento o la gesti\u00f3n del d\u00eda a d\u00eda del equipo, hasta temas m\u00e1s estrat\u00e9gicos como el modelo de juego o el desarrollo del proyecto de cantera.\" \/>\n<meta property=\"og:url\" content=\"https:\/\/behindthebench.institute\/ja\/product\/acceso-al-webinar-mensual\/\" \/>\n<meta property=\"og:site_name\" content=\"The Behind the Bench Institute\" \/>\n<meta property=\"article:modified_time\" content=\"2025-05-08T18:52:03+00:00\" \/>\n<meta property=\"og:image\" content=\"https:\/\/behindthebench.institute\/wp-content\/uploads\/2025\/04\/3.png\" \/>\n\t<meta property=\"og:image:width\" content=\"1080\" \/>\n\t<meta property=\"og:image:height\" content=\"1350\" \/>\n\t<meta property=\"og:image:type\" content=\"image\/png\" \/>\n<meta name=\"twitter:card\" content=\"summary_large_image\" \/>\n<meta name=\"twitter:label1\" content=\"\u63a8\u5b9a\u8aad\u307f\u53d6\u308a\u6642\u9593\" \/>\n\t<meta name=\"twitter:data1\" content=\"1\u5206\" \/>\n<script type=\"application\/ld+json\" class=\"yoast-schema-graph\">{\"@context\":\"https:\/\/schema.org\",\"@graph\":[{\"@type\":\"WebPage\",\"@id\":\"https:\/\/behindthebench.institute\/producto\/acceso-al-webinar-mensual\/\",\"url\":\"https:\/\/behindthebench.institute\/producto\/acceso-al-webinar-mensual\/\",\"name\":\"Acceso al Webinar Mensual - The Behind the Bench Institute\",\"isPartOf\":{\"@id\":\"https:\/\/behindthebench.institute\/#website\"},\"primaryImageOfPage\":{\"@id\":\"https:\/\/behindthebench.institute\/producto\/acceso-al-webinar-mensual\/#primaryimage\"},\"image\":{\"@id\":\"https:\/\/behindthebench.institute\/producto\/acceso-al-webinar-mensual\/#primaryimage\"},\"thumbnailUrl\":\"https:\/\/behindthebench.institute\/wp-content\/uploads\/2025\/04\/3.png\",\"datePublished\":\"2025-04-30T16:33:06+00:00\",\"dateModified\":\"2025-05-08T18:52:03+00:00\",\"breadcrumb\":{\"@id\":\"https:\/\/behindthebench.institute\/producto\/acceso-al-webinar-mensual\/#breadcrumb\"},\"inLanguage\":\"ja\",\"potentialAction\":[{\"@type\":\"ReadAction\",\"target\":[\"https:\/\/behindthebench.institute\/producto\/acceso-al-webinar-mensual\/\"]}]},{\"@type\":\"ImageObject\",\"inLanguage\":\"ja\",\"@id\":\"https:\/\/behindthebench.institute\/producto\/acceso-al-webinar-mensual\/#primaryimage\",\"url\":\"https:\/\/behindthebench.institute\/wp-content\/uploads\/2025\/04\/3.png\",\"contentUrl\":\"https:\/\/behindthebench.institute\/wp-content\/uploads\/2025\/04\/3.png\",\"width\":1080,\"height\":1350},{\"@type\":\"BreadcrumbList\",\"@id\":\"https:\/\/behindthebench.institute\/producto\/acceso-al-webinar-mensual\/#breadcrumb\",\"itemListElement\":[{\"@type\":\"ListItem\",\"position\":1,\"name\":\"Portada\",\"item\":\"https:\/\/behindthebench.institute\/\"},{\"@type\":\"ListItem\",\"position\":2,\"name\":\"Tienda\",\"item\":\"https:\/\/behindthebench.institute\/tienda\/\"},{\"@type\":\"ListItem\",\"position\":3,\"name\":\"Acceso al Webinar Mensual\"}]},{\"@type\":\"WebSite\",\"@id\":\"https:\/\/behindthebench.institute\/#website\",\"url\":\"https:\/\/behindthebench.institute\/\",\"name\":\"The Behind the Bench Institute\",\"description\":\"Formaci\u00f3n en basketball management.\",\"publisher\":{\"@id\":\"https:\/\/behindthebench.institute\/#organization\"},\"potentialAction\":[{\"@type\":\"SearchAction\",\"target\":{\"@type\":\"EntryPoint\",\"urlTemplate\":\"https:\/\/behindthebench.institute\/?s={search_term_string}\"},\"query-input\":\"required name=search_term_string\"}],\"inLanguage\":\"ja\"},{\"@type\":\"Organization\",\"@id\":\"https:\/\/behindthebench.institute\/#organization\",\"name\":\"The Behind the Bench Institute\",\"url\":\"https:\/\/behindthebench.institute\/\",\"logo\":{\"@type\":\"ImageObject\",\"inLanguage\":\"ja\",\"@id\":\"https:\/\/behindthebench.institute\/#\/schema\/logo\/image\/\",\"url\":\"https:\/\/behindthebench.institute\/wp-content\/uploads\/2024\/01\/logoweb-blanco-behind-the-bench.png\",\"contentUrl\":\"https:\/\/behindthebench.institute\/wp-content\/uploads\/2024\/01\/logoweb-blanco-behind-the-bench.png\",\"width\":282,\"height\":200,\"caption\":\"The Behind the Bench Institute\"},\"image\":{\"@id\":\"https:\/\/behindthebench.institute\/#\/schema\/logo\/image\/\"}}]}<\/script>\n<!-- \/ Yoast SEO plugin. -->","yoast_head_json":{"title":"Acceso al Webinar Mensual - The Behind the Bench Institute","robots":{"index":"index","follow":"follow","max-snippet":"max-snippet:-1","max-image-preview":"max-image-preview:large","max-video-preview":"max-video-preview:-1"},"canonical":"https:\/\/behindthebench.institute\/ja\/product\/acceso-al-webinar-mensual\/","og_locale":"ja_JP","og_type":"article","og_title":"Acceso al Webinar Mensual - The Behind the Bench Institute","og_description":"Cada mes,\u00a0 nuestros expertos comparten en directo sus experiencias y conocimientos sobre la gesti\u00f3n deportiva de un club de baloncesto. Desde la planificaci\u00f3n de la temporada, la estructura del staff t\u00e9cnico, la captaci\u00f3n de talento o la gesti\u00f3n del d\u00eda a d\u00eda del equipo, hasta temas m\u00e1s estrat\u00e9gicos como el modelo de juego o el desarrollo del proyecto de cantera.","og_url":"https:\/\/behindthebench.institute\/ja\/product\/acceso-al-webinar-mensual\/","og_site_name":"The Behind the Bench Institute","article_modified_time":"2025-05-08T18:52:03+00:00","og_image":[{"width":1080,"height":1350,"url":"https:\/\/behindthebench.institute\/wp-content\/uploads\/2025\/04\/3.png","type":"image\/png"}],"twitter_card":"summary_large_image","twitter_misc":{"\u63a8\u5b9a\u8aad\u307f\u53d6\u308a\u6642\u9593":"1\u5206"},"schema":{"@context":"https:\/\/schema.org","@graph":[{"@type":"WebPage","@id":"https:\/\/behindthebench.institute\/producto\/acceso-al-webinar-mensual\/","url":"https:\/\/behindthebench.institute\/producto\/acceso-al-webinar-mensual\/","name":"Acceso al Webinar Mensual - The Behind the Bench Institute","isPartOf":{"@id":"https:\/\/behindthebench.institute\/#website"},"primaryImageOfPage":{"@id":"https:\/\/behindthebench.institute\/producto\/acceso-al-webinar-mensual\/#primaryimage"},"image":{"@id":"https:\/\/behindthebench.institute\/producto\/acceso-al-webinar-mensual\/#primaryimage"},"thumbnailUrl":"https:\/\/behindthebench.institute\/wp-content\/uploads\/2025\/04\/3.png","datePublished":"2025-04-30T16:33:06+00:00","dateModified":"2025-05-08T18:52:03+00:00","breadcrumb":{"@id":"https:\/\/behindthebench.institute\/producto\/acceso-al-webinar-mensual\/#breadcrumb"},"inLanguage":"ja","potentialAction":[{"@type":"ReadAction","target":["https:\/\/behindthebench.institute\/producto\/acceso-al-webinar-mensual\/"]}]},{"@type":"ImageObject","inLanguage":"ja","@id":"https:\/\/behindthebench.institute\/producto\/acceso-al-webinar-mensual\/#primaryimage","url":"https:\/\/behindthebench.institute\/wp-content\/uploads\/2025\/04\/3.png","contentUrl":"https:\/\/behindthebench.institute\/wp-content\/uploads\/2025\/04\/3.png","width":1080,"height":1350},{"@type":"BreadcrumbList","@id":"https:\/\/behindthebench.institute\/producto\/acceso-al-webinar-mensual\/#breadcrumb","itemListElement":[{"@type":"ListItem","position":1,"name":"Portada","item":"https:\/\/behindthebench.institute\/"},{"@type":"ListItem","position":2,"name":"Tienda","item":"https:\/\/behindthebench.institute\/tienda\/"},{"@type":"ListItem","position":3,"name":"Acceso al Webinar Mensual"}]},{"@type":"WebSite","@id":"https:\/\/behindthebench.institute\/#website","url":"https:\/\/behindthebench.institute\/","name":"The Behind the Bench Institute","description":"Formaci\u00f3n en basketball management.","publisher":{"@id":"https:\/\/behindthebench.institute\/#organization"},"potentialAction":[{"@type":"SearchAction","target":{"@type":"EntryPoint","urlTemplate":"https:\/\/behindthebench.institute\/?s={search_term_string}"},"query-input":"required name=search_term_string"}],"inLanguage":"ja"},{"@type":"Organization","@id":"https:\/\/behindthebench.institute\/#organization","name":"The Behind the Bench Institute","url":"https:\/\/behindthebench.institute\/","logo":{"@type":"ImageObject","inLanguage":"ja","@id":"https:\/\/behindthebench.institute\/#\/schema\/logo\/image\/","url":"https:\/\/behindthebench.institute\/wp-content\/uploads\/2024\/01\/logoweb-blanco-behind-the-bench.png","contentUrl":"https:\/\/behindthebench.institute\/wp-content\/uploads\/2024\/01\/logoweb-blanco-behind-the-bench.png","width":282,"height":200,"caption":"The Behind the Bench Institute"},"image":{"@id":"https:\/\/behindthebench.institute\/#\/schema\/logo\/image\/"}}]}},"_links":{"self":[{"href":"https:\/\/behindthebench.institute\/ja\/wp-json\/wp\/v2\/product\/3340","targetHints":{"allow":["GET"]}}],"collection":[{"href":"https:\/\/behindthebench.institute\/ja\/wp-json\/wp\/v2\/product"}],"about":[{"href":"https:\/\/behindthebench.institute\/ja\/wp-json\/wp\/v2\/types\/product"}],"wp:featuredmedia":[{"embeddable":true,"href":"https:\/\/behindthebench.institute\/ja\/wp-json\/wp\/v2\/media\/3495"}],"wp:attachment":[{"href":"https:\/\/behindthebench.institute\/ja\/wp-json\/wp\/v2\/media?parent=3340"}],"wp:term":[{"taxonomy":"product_cat","embeddable":true,"href":"https:\/\/behindthebench.institute\/ja\/wp-json\/wp\/v2\/product_cat?post=3340"},{"taxonomy":"product_tag","embeddable":true,"href":"https:\/\/behindthebench.institute\/ja\/wp-json\/wp\/v2\/product_tag?post=3340"}],"curies":[{"name":"wp","href":"https:\/\/api.w.org\/{rel}","templated":true}]}}