{"id":2170,"date":"2025-02-11T10:05:37","date_gmt":"2025-02-11T09:05:37","guid":{"rendered":"https:\/\/behindthebench.institute\/?post_type=product&#038;p=2170"},"modified":"2025-02-11T10:07:54","modified_gmt":"2025-02-11T09:07:54","slug":"deteccion-de-talento-scouting-y-desarrollo","status":"publish","type":"product","link":"https:\/\/behindthebench.institute\/ja\/product\/deteccion-de-talento-scouting-y-desarrollo\/","title":{"rendered":"\u624d\u80fd\u767a\u6398\uff1a\u30b9\u30ab\u30a6\u30c6\u30a3\u30f3\u30b0\u3068\u80b2\u6210"},"content":{"rendered":"<p>\u4e00\u6d41\u9078\u624b\u306e\u6210\u529f\u306e\u30d7\u30ed\u30bb\u30b9\u3092\u77e5\u308b<br \/>\n\u30b9\u30ab\u30a6\u30c6\u30a3\u30f3\u30b0\u306f\u3001\u76f4\u611f\u3001\u5206\u6790\u3001\u6226\u7565\u7684\u8a08\u753b\u3092\u7d44\u307f\u5408\u308f\u305b\u305f\u82b8\u8853\u3067\u3059\u3002\u3053\u306e\u30de\u30a4\u30af\u30ed\u30b3\u30fc\u30b9\u3067\u306f\u3001\u30b9\u30ab\u30a6\u30c6\u30a3\u30f3\u30b0\u3068\u9078\u624b\u80b2\u6210\u306e\u91cd\u8981\u306a\u30d7\u30ed\u30bb\u30b9\u306b\u98db\u3073\u8fbc\u307f\u3001\u30d7\u30ed\u306e\u30af\u30e9\u30d6\u304c\u3069\u306e\u3088\u3046\u306b\u5c06\u6765\u306e\u30d0\u30b9\u30b1\u30c3\u30c8\u30dc\u30fc\u30eb\u306e\u30b9\u30bf\u30fc\u9078\u624b\u3092\u767a\u6398\u3057\u3001\u8a55\u4fa1\u3057\u3001\u80b2\u6210\u3057\u3066\u3044\u308b\u304b\u3092\u63a2\u308a\u307e\u3059\u3002<\/p>\n<p>\u69cb\u9020\u5316\u3055\u308c\u305f\u30a2\u30d7\u30ed\u30fc\u30c1\u3092\u901a\u3057\u3066\u3001\u9078\u624b\u306e\u53ef\u80fd\u6027\u3092\u5206\u6790\u3059\u308b\u65b9\u6cd5\u3001\u9078\u624b\u306e\u6210\u9577\u306b\u3068\u3063\u3066\u9375\u3068\u306a\u308b\u8981\u7d20\u3001\u305d\u3057\u3066\u65b0\u3057\u3044\u30c6\u30af\u30ce\u30ed\u30b8\u30fc\u304c\u30b9\u30ab\u30a6\u30c6\u30a3\u30f3\u30b0\u3068\u30bf\u30ec\u30f3\u30c8\u30fb\u30de\u30cd\u30b8\u30e1\u30f3\u30c8\u306b\u3069\u306e\u3088\u3046\u306a\u9769\u547d\u3092\u3082\u305f\u3089\u3057\u3066\u3044\u308b\u304b\u3092\u5b66\u3076\u3002<\/p>\n<p>\u3053\u306e\u30b3\u30fc\u30b9\u3067\u4f55\u3092\u5b66\u3076\u306e\u304b\uff1f<br \/>\n\u30d0\u30b9\u30b1\u30c3\u30c8\u30dc\u30fc\u30eb\u306b\u304a\u3051\u308b\u624d\u80fd\u691c\u51fa\u306e\u65b9\u6cd5\u8ad6\u3068\u6226\u7565\u3002<br \/>\n\u30b9\u30ab\u30a6\u30c6\u30a3\u30f3\u30b0\u306e\u5b8c\u5168\u306a\u30d7\u30ed\u30bb\u30b9\uff1a\u6700\u521d\u306e\u89b3\u5bdf\u304b\u3089\u6700\u7d42\u7684\u306a\u6c7a\u65ad\u307e\u3067\u3002<br \/>\n\u2705 \u30af\u30e9\u30d6\u5185\u3067\u306e\u4eba\u6750\u80b2\u6210\u3092\u3069\u306e\u3088\u3046\u306b\u69cb\u6210\u3059\u308b\u304b\u3002<br \/>\n\u30b9\u30ab\u30a6\u30c6\u30a3\u30f3\u30b0\u3068\u9078\u624b\u80b2\u6210\u306b\u304a\u3051\u308b\u4e3b\u8981\u306a\u30c7\u30b8\u30bf\u30eb\u30c4\u30fc\u30eb\u3002<br \/>\n\u73fe\u4ee3\u30d0\u30b9\u30b1\u30c3\u30c8\u30dc\u30fc\u30eb\u306b\u304a\u3051\u308b\u30b3\u30f3\u30c6\u30f3\u30c4\u5236\u4f5c\u3068\u30d1\u30fc\u30bd\u30ca\u30eb\u30fb\u30d6\u30e9\u30f3\u30c7\u30a3\u30f3\u30b0\u3002<\/p>","protected":false},"excerpt":{"rendered":"<p>Descubre el proceso detr\u00e1s del \u00e9xito de los grandes jugadores La detecci\u00f3n de talento es un arte que combina intuici\u00f3n, an\u00e1lisis y planificaci\u00f3n estrat\u00e9gica. En este microcurso, te sumergir\u00e1s en los procesos clave del scouting y el desarrollo de jugadores, explorando c\u00f3mo los clubes profesionales identifican, eval\u00faan y potencian a las futuras estrellas del baloncesto. A trav\u00e9s de un enfoque estructurado, aprender\u00e1s c\u00f3mo analizar el potencial de un jugador, qu\u00e9 factores son clave en su progresi\u00f3n y c\u00f3mo las nuevas tecnolog\u00edas est\u00e1n revolucionando el scouting y la gesti\u00f3n del talento. \u00bfQu\u00e9 aprender\u00e1s en este curso? \u2705 Metodolog\u00edas y estrategias para la detecci\u00f3n de talento en baloncesto. \u2705 El proceso completo [&hellip;]<\/p>","protected":false},"featured_media":2150,"template":"","meta":[],"product_cat":[21],"product_tag":[],"class_list":{"0":"post-2170","1":"product","2":"type-product","3":"status-publish","4":"has-post-thumbnail","6":"product_cat-sin-categorizar","8":"first","9":"instock","10":"shipping-taxable","11":"purchasable","12":"product-type-simple"},"yoast_head":"<!-- This site is optimized with the Yoast SEO plugin v22.9 - https:\/\/yoast.com\/wordpress\/plugins\/seo\/ -->\n<title>DETECCI\u00d3N DE TALENTO: SCOUTING Y DESARROLLO - The Behind the Bench Institute<\/title>\n<meta name=\"robots\" content=\"index, follow, max-snippet:-1, max-image-preview:large, max-video-preview:-1\" \/>\n<link rel=\"canonical\" href=\"https:\/\/behindthebench.institute\/ja\/product\/deteccion-de-talento-scouting-y-desarrollo\/\" \/>\n<meta property=\"og:locale\" content=\"ja_JP\" \/>\n<meta property=\"og:type\" content=\"article\" \/>\n<meta property=\"og:title\" content=\"DETECCI\u00d3N DE TALENTO: SCOUTING Y DESARROLLO - The Behind the Bench Institute\" \/>\n<meta property=\"og:description\" content=\"Descubre el proceso detr\u00e1s del \u00e9xito de los grandes jugadores La detecci\u00f3n de talento es un arte que combina intuici\u00f3n, an\u00e1lisis y planificaci\u00f3n estrat\u00e9gica. En este microcurso, te sumergir\u00e1s en los procesos clave del scouting y el desarrollo de jugadores, explorando c\u00f3mo los clubes profesionales identifican, eval\u00faan y potencian a las futuras estrellas del baloncesto. A trav\u00e9s de un enfoque estructurado, aprender\u00e1s c\u00f3mo analizar el potencial de un jugador, qu\u00e9 factores son clave en su progresi\u00f3n y c\u00f3mo las nuevas tecnolog\u00edas est\u00e1n revolucionando el scouting y la gesti\u00f3n del talento. \u00bfQu\u00e9 aprender\u00e1s en este curso? \u2705 Metodolog\u00edas y estrategias para la detecci\u00f3n de talento en baloncesto. \u2705 El proceso completo [&hellip;]\" \/>\n<meta property=\"og:url\" content=\"https:\/\/behindthebench.institute\/ja\/product\/deteccion-de-talento-scouting-y-desarrollo\/\" \/>\n<meta property=\"og:site_name\" content=\"The Behind the Bench Institute\" \/>\n<meta property=\"article:modified_time\" content=\"2025-02-11T09:07:54+00:00\" \/>\n<meta property=\"og:image\" content=\"https:\/\/behindthebench.institute\/wp-content\/uploads\/2025\/02\/62.png\" \/>\n\t<meta property=\"og:image:width\" content=\"1080\" \/>\n\t<meta property=\"og:image:height\" content=\"1080\" \/>\n\t<meta property=\"og:image:type\" content=\"image\/png\" \/>\n<meta name=\"twitter:card\" content=\"summary_large_image\" \/>\n<meta name=\"twitter:label1\" content=\"\u63a8\u5b9a\u8aad\u307f\u53d6\u308a\u6642\u9593\" \/>\n\t<meta name=\"twitter:data1\" content=\"1\u5206\" \/>\n<script type=\"application\/ld+json\" class=\"yoast-schema-graph\">{\"@context\":\"https:\/\/schema.org\",\"@graph\":[{\"@type\":\"WebPage\",\"@id\":\"https:\/\/behindthebench.institute\/producto\/deteccion-de-talento-scouting-y-desarrollo\/\",\"url\":\"https:\/\/behindthebench.institute\/producto\/deteccion-de-talento-scouting-y-desarrollo\/\",\"name\":\"DETECCI\u00d3N DE TALENTO: SCOUTING Y DESARROLLO - The Behind the Bench Institute\",\"isPartOf\":{\"@id\":\"https:\/\/behindthebench.institute\/#website\"},\"primaryImageOfPage\":{\"@id\":\"https:\/\/behindthebench.institute\/producto\/deteccion-de-talento-scouting-y-desarrollo\/#primaryimage\"},\"image\":{\"@id\":\"https:\/\/behindthebench.institute\/producto\/deteccion-de-talento-scouting-y-desarrollo\/#primaryimage\"},\"thumbnailUrl\":\"https:\/\/behindthebench.institute\/wp-content\/uploads\/2025\/02\/62.png\",\"datePublished\":\"2025-02-11T09:05:37+00:00\",\"dateModified\":\"2025-02-11T09:07:54+00:00\",\"breadcrumb\":{\"@id\":\"https:\/\/behindthebench.institute\/producto\/deteccion-de-talento-scouting-y-desarrollo\/#breadcrumb\"},\"inLanguage\":\"ja\",\"potentialAction\":[{\"@type\":\"ReadAction\",\"target\":[\"https:\/\/behindthebench.institute\/producto\/deteccion-de-talento-scouting-y-desarrollo\/\"]}]},{\"@type\":\"ImageObject\",\"inLanguage\":\"ja\",\"@id\":\"https:\/\/behindthebench.institute\/producto\/deteccion-de-talento-scouting-y-desarrollo\/#primaryimage\",\"url\":\"https:\/\/behindthebench.institute\/wp-content\/uploads\/2025\/02\/62.png\",\"contentUrl\":\"https:\/\/behindthebench.institute\/wp-content\/uploads\/2025\/02\/62.png\",\"width\":1080,\"height\":1080},{\"@type\":\"BreadcrumbList\",\"@id\":\"https:\/\/behindthebench.institute\/producto\/deteccion-de-talento-scouting-y-desarrollo\/#breadcrumb\",\"itemListElement\":[{\"@type\":\"ListItem\",\"position\":1,\"name\":\"Portada\",\"item\":\"https:\/\/behindthebench.institute\/\"},{\"@type\":\"ListItem\",\"position\":2,\"name\":\"Tienda\",\"item\":\"https:\/\/behindthebench.institute\/tienda\/\"},{\"@type\":\"ListItem\",\"position\":3,\"name\":\"DETECCI\u00d3N DE TALENTO: SCOUTING Y DESARROLLO\"}]},{\"@type\":\"WebSite\",\"@id\":\"https:\/\/behindthebench.institute\/#website\",\"url\":\"https:\/\/behindthebench.institute\/\",\"name\":\"The Behind the Bench Institute\",\"description\":\"Formaci\u00f3n en basketball management.\",\"publisher\":{\"@id\":\"https:\/\/behindthebench.institute\/#organization\"},\"potentialAction\":[{\"@type\":\"SearchAction\",\"target\":{\"@type\":\"EntryPoint\",\"urlTemplate\":\"https:\/\/behindthebench.institute\/?s={search_term_string}\"},\"query-input\":\"required name=search_term_string\"}],\"inLanguage\":\"ja\"},{\"@type\":\"Organization\",\"@id\":\"https:\/\/behindthebench.institute\/#organization\",\"name\":\"The Behind the Bench Institute\",\"url\":\"https:\/\/behindthebench.institute\/\",\"logo\":{\"@type\":\"ImageObject\",\"inLanguage\":\"ja\",\"@id\":\"https:\/\/behindthebench.institute\/#\/schema\/logo\/image\/\",\"url\":\"https:\/\/behindthebench.institute\/wp-content\/uploads\/2024\/01\/logoweb-blanco-behind-the-bench.png\",\"contentUrl\":\"https:\/\/behindthebench.institute\/wp-content\/uploads\/2024\/01\/logoweb-blanco-behind-the-bench.png\",\"width\":282,\"height\":200,\"caption\":\"The Behind the Bench Institute\"},\"image\":{\"@id\":\"https:\/\/behindthebench.institute\/#\/schema\/logo\/image\/\"}}]}<\/script>\n<!-- \/ Yoast SEO plugin. -->","yoast_head_json":{"title":"DETECCI\u00d3N DE TALENTO: SCOUTING Y DESARROLLO - The Behind the Bench Institute","robots":{"index":"index","follow":"follow","max-snippet":"max-snippet:-1","max-image-preview":"max-image-preview:large","max-video-preview":"max-video-preview:-1"},"canonical":"https:\/\/behindthebench.institute\/ja\/product\/deteccion-de-talento-scouting-y-desarrollo\/","og_locale":"ja_JP","og_type":"article","og_title":"DETECCI\u00d3N DE TALENTO: SCOUTING Y DESARROLLO - The Behind the Bench Institute","og_description":"Descubre el proceso detr\u00e1s del \u00e9xito de los grandes jugadores La detecci\u00f3n de talento es un arte que combina intuici\u00f3n, an\u00e1lisis y planificaci\u00f3n estrat\u00e9gica. En este microcurso, te sumergir\u00e1s en los procesos clave del scouting y el desarrollo de jugadores, explorando c\u00f3mo los clubes profesionales identifican, eval\u00faan y potencian a las futuras estrellas del baloncesto. A trav\u00e9s de un enfoque estructurado, aprender\u00e1s c\u00f3mo analizar el potencial de un jugador, qu\u00e9 factores son clave en su progresi\u00f3n y c\u00f3mo las nuevas tecnolog\u00edas est\u00e1n revolucionando el scouting y la gesti\u00f3n del talento. \u00bfQu\u00e9 aprender\u00e1s en este curso? \u2705 Metodolog\u00edas y estrategias para la detecci\u00f3n de talento en baloncesto. \u2705 El proceso completo [&hellip;]","og_url":"https:\/\/behindthebench.institute\/ja\/product\/deteccion-de-talento-scouting-y-desarrollo\/","og_site_name":"The Behind the Bench Institute","article_modified_time":"2025-02-11T09:07:54+00:00","og_image":[{"width":1080,"height":1080,"url":"https:\/\/behindthebench.institute\/wp-content\/uploads\/2025\/02\/62.png","type":"image\/png"}],"twitter_card":"summary_large_image","twitter_misc":{"\u63a8\u5b9a\u8aad\u307f\u53d6\u308a\u6642\u9593":"1\u5206"},"schema":{"@context":"https:\/\/schema.org","@graph":[{"@type":"WebPage","@id":"https:\/\/behindthebench.institute\/producto\/deteccion-de-talento-scouting-y-desarrollo\/","url":"https:\/\/behindthebench.institute\/producto\/deteccion-de-talento-scouting-y-desarrollo\/","name":"DETECCI\u00d3N DE TALENTO: SCOUTING Y DESARROLLO - The Behind the Bench Institute","isPartOf":{"@id":"https:\/\/behindthebench.institute\/#website"},"primaryImageOfPage":{"@id":"https:\/\/behindthebench.institute\/producto\/deteccion-de-talento-scouting-y-desarrollo\/#primaryimage"},"image":{"@id":"https:\/\/behindthebench.institute\/producto\/deteccion-de-talento-scouting-y-desarrollo\/#primaryimage"},"thumbnailUrl":"https:\/\/behindthebench.institute\/wp-content\/uploads\/2025\/02\/62.png","datePublished":"2025-02-11T09:05:37+00:00","dateModified":"2025-02-11T09:07:54+00:00","breadcrumb":{"@id":"https:\/\/behindthebench.institute\/producto\/deteccion-de-talento-scouting-y-desarrollo\/#breadcrumb"},"inLanguage":"ja","potentialAction":[{"@type":"ReadAction","target":["https:\/\/behindthebench.institute\/producto\/deteccion-de-talento-scouting-y-desarrollo\/"]}]},{"@type":"ImageObject","inLanguage":"ja","@id":"https:\/\/behindthebench.institute\/producto\/deteccion-de-talento-scouting-y-desarrollo\/#primaryimage","url":"https:\/\/behindthebench.institute\/wp-content\/uploads\/2025\/02\/62.png","contentUrl":"https:\/\/behindthebench.institute\/wp-content\/uploads\/2025\/02\/62.png","width":1080,"height":1080},{"@type":"BreadcrumbList","@id":"https:\/\/behindthebench.institute\/producto\/deteccion-de-talento-scouting-y-desarrollo\/#breadcrumb","itemListElement":[{"@type":"ListItem","position":1,"name":"Portada","item":"https:\/\/behindthebench.institute\/"},{"@type":"ListItem","position":2,"name":"Tienda","item":"https:\/\/behindthebench.institute\/tienda\/"},{"@type":"ListItem","position":3,"name":"DETECCI\u00d3N DE TALENTO: SCOUTING Y DESARROLLO"}]},{"@type":"WebSite","@id":"https:\/\/behindthebench.institute\/#website","url":"https:\/\/behindthebench.institute\/","name":"The Behind the Bench Institute","description":"Formaci\u00f3n en basketball management.","publisher":{"@id":"https:\/\/behindthebench.institute\/#organization"},"potentialAction":[{"@type":"SearchAction","target":{"@type":"EntryPoint","urlTemplate":"https:\/\/behindthebench.institute\/?s={search_term_string}"},"query-input":"required name=search_term_string"}],"inLanguage":"ja"},{"@type":"Organization","@id":"https:\/\/behindthebench.institute\/#organization","name":"The Behind the Bench Institute","url":"https:\/\/behindthebench.institute\/","logo":{"@type":"ImageObject","inLanguage":"ja","@id":"https:\/\/behindthebench.institute\/#\/schema\/logo\/image\/","url":"https:\/\/behindthebench.institute\/wp-content\/uploads\/2024\/01\/logoweb-blanco-behind-the-bench.png","contentUrl":"https:\/\/behindthebench.institute\/wp-content\/uploads\/2024\/01\/logoweb-blanco-behind-the-bench.png","width":282,"height":200,"caption":"The Behind the Bench Institute"},"image":{"@id":"https:\/\/behindthebench.institute\/#\/schema\/logo\/image\/"}}]}},"_links":{"self":[{"href":"https:\/\/behindthebench.institute\/ja\/wp-json\/wp\/v2\/product\/2170","targetHints":{"allow":["GET"]}}],"collection":[{"href":"https:\/\/behindthebench.institute\/ja\/wp-json\/wp\/v2\/product"}],"about":[{"href":"https:\/\/behindthebench.institute\/ja\/wp-json\/wp\/v2\/types\/product"}],"wp:featuredmedia":[{"embeddable":true,"href":"https:\/\/behindthebench.institute\/ja\/wp-json\/wp\/v2\/media\/2150"}],"wp:attachment":[{"href":"https:\/\/behindthebench.institute\/ja\/wp-json\/wp\/v2\/media?parent=2170"}],"wp:term":[{"taxonomy":"product_cat","embeddable":true,"href":"https:\/\/behindthebench.institute\/ja\/wp-json\/wp\/v2\/product_cat?post=2170"},{"taxonomy":"product_tag","embeddable":true,"href":"https:\/\/behindthebench.institute\/ja\/wp-json\/wp\/v2\/product_tag?post=2170"}],"curies":[{"name":"wp","href":"https:\/\/api.w.org\/{rel}","templated":true}]}}