{"id":1802,"date":"2024-11-20T12:02:58","date_gmt":"2024-11-20T11:02:58","guid":{"rendered":"https:\/\/behindthebench.institute\/?post_type=product&#038;p=1802"},"modified":"2025-04-03T10:26:21","modified_gmt":"2025-04-03T08:26:21","slug":"microcurso-pildoras-para-la-gestion-de-un-club-de-baloncesto-amateur","status":"publish","type":"product","link":"https:\/\/behindthebench.institute\/en\/product\/microcurso-pildoras-para-la-gestion-de-un-club-de-baloncesto-amateur\/","title":{"rendered":"Micro-course \"Pills for the management of an amateur basketball club\"."},"content":{"rendered":"<p>Through short, practical modules, this course provides an overview of some of the key aspects of managing an amateur basketball club.<\/p>\n<p>This is a perfect opportunity to explore how Behind the Bench Institute approaches basketball club management training, allowing you to gain a deeper and more comprehensive insight into our methodology and practical approach. Ideal for those looking to take a first step with us and start becoming part of the community.<\/p>","protected":false},"excerpt":{"rendered":"<p>Through short, practical modules, this course provides an overview of some of the key aspects of running an amateur basketball club. It is a perfect opportunity to explore how Behind the Bench Institute approaches basketball club management training, allowing you to gain a deeper insight and understanding of how to [...]<\/p>","protected":false},"featured_media":1808,"template":"","meta":[],"product_cat":[21],"product_tag":[],"class_list":{"0":"post-1802","1":"product","2":"type-product","3":"status-publish","4":"has-post-thumbnail","6":"product_cat-sin-categorizar","8":"first","9":"instock","10":"shipping-taxable","11":"purchasable","12":"product-type-simple"},"yoast_head":"<!-- This site is optimized with the Yoast SEO plugin v22.9 - https:\/\/yoast.com\/wordpress\/plugins\/seo\/ -->\n<title>Microcurso &quot;P\u00edldoras para la gesti\u00f3n de un club de baloncesto amateur&quot;. - The Behind the Bench Institute<\/title>\n<meta name=\"robots\" content=\"index, follow, max-snippet:-1, max-image-preview:large, max-video-preview:-1\" \/>\n<link rel=\"canonical\" href=\"https:\/\/behindthebench.institute\/en\/product\/microcurso-pildoras-para-la-gestion-de-un-club-de-baloncesto-amateur\/\" \/>\n<meta property=\"og:locale\" content=\"en_GB\" \/>\n<meta property=\"og:type\" content=\"article\" \/>\n<meta property=\"og:title\" content=\"Microcurso &quot;P\u00edldoras para la gesti\u00f3n de un club de baloncesto amateur&quot;. - The Behind the Bench Institute\" \/>\n<meta property=\"og:description\" content=\"A trav\u00e9s de m\u00f3dulos breves y pr\u00e1cticos, este curso ofrece una visi\u00f3n general de algunos de los aspectos clave en la gesti\u00f3n de un club de baloncesto amateur. Es una oportunidad perfecta para explorar c\u00f3mo Behind the Bench Institute aborda la formaci\u00f3n en gesti\u00f3n de clubes de baloncesto, permiti\u00e9ndote obtener una idea m\u00e1s profunda y [&hellip;]\" \/>\n<meta property=\"og:url\" content=\"https:\/\/behindthebench.institute\/en\/product\/microcurso-pildoras-para-la-gestion-de-un-club-de-baloncesto-amateur\/\" \/>\n<meta property=\"og:site_name\" content=\"The Behind the Bench Institute\" \/>\n<meta property=\"article:modified_time\" content=\"2025-04-03T08:26:21+00:00\" \/>\n<meta property=\"og:image\" content=\"https:\/\/behindthebench.institute\/wp-content\/uploads\/2024\/11\/WhatsApp-Image-2024-11-23-at-16.48.10.jpeg\" \/>\n\t<meta property=\"og:image:width\" content=\"1080\" \/>\n\t<meta property=\"og:image:height\" content=\"1080\" \/>\n\t<meta property=\"og:image:type\" content=\"image\/jpeg\" \/>\n<meta name=\"twitter:card\" content=\"summary_large_image\" \/>\n<meta name=\"twitter:label1\" content=\"Estimated reading time\" \/>\n\t<meta name=\"twitter:data1\" content=\"1 minute\" \/>\n<script type=\"application\/ld+json\" class=\"yoast-schema-graph\">{\"@context\":\"https:\/\/schema.org\",\"@graph\":[{\"@type\":\"WebPage\",\"@id\":\"https:\/\/behindthebench.institute\/producto\/microcurso-pildoras-para-la-gestion-de-un-club-de-baloncesto-amateur\/\",\"url\":\"https:\/\/behindthebench.institute\/producto\/microcurso-pildoras-para-la-gestion-de-un-club-de-baloncesto-amateur\/\",\"name\":\"Microcurso \\\"P\u00edldoras para la gesti\u00f3n de un club de baloncesto amateur\\\". - The Behind the Bench Institute\",\"isPartOf\":{\"@id\":\"https:\/\/behindthebench.institute\/#website\"},\"primaryImageOfPage\":{\"@id\":\"https:\/\/behindthebench.institute\/producto\/microcurso-pildoras-para-la-gestion-de-un-club-de-baloncesto-amateur\/#primaryimage\"},\"image\":{\"@id\":\"https:\/\/behindthebench.institute\/producto\/microcurso-pildoras-para-la-gestion-de-un-club-de-baloncesto-amateur\/#primaryimage\"},\"thumbnailUrl\":\"https:\/\/behindthebench.institute\/wp-content\/uploads\/2024\/11\/WhatsApp-Image-2024-11-23-at-16.48.10.jpeg\",\"datePublished\":\"2024-11-20T11:02:58+00:00\",\"dateModified\":\"2025-04-03T08:26:21+00:00\",\"breadcrumb\":{\"@id\":\"https:\/\/behindthebench.institute\/producto\/microcurso-pildoras-para-la-gestion-de-un-club-de-baloncesto-amateur\/#breadcrumb\"},\"inLanguage\":\"en-GB\",\"potentialAction\":[{\"@type\":\"ReadAction\",\"target\":[\"https:\/\/behindthebench.institute\/producto\/microcurso-pildoras-para-la-gestion-de-un-club-de-baloncesto-amateur\/\"]}]},{\"@type\":\"ImageObject\",\"inLanguage\":\"en-GB\",\"@id\":\"https:\/\/behindthebench.institute\/producto\/microcurso-pildoras-para-la-gestion-de-un-club-de-baloncesto-amateur\/#primaryimage\",\"url\":\"https:\/\/behindthebench.institute\/wp-content\/uploads\/2024\/11\/WhatsApp-Image-2024-11-23-at-16.48.10.jpeg\",\"contentUrl\":\"https:\/\/behindthebench.institute\/wp-content\/uploads\/2024\/11\/WhatsApp-Image-2024-11-23-at-16.48.10.jpeg\",\"width\":1080,\"height\":1080},{\"@type\":\"BreadcrumbList\",\"@id\":\"https:\/\/behindthebench.institute\/producto\/microcurso-pildoras-para-la-gestion-de-un-club-de-baloncesto-amateur\/#breadcrumb\",\"itemListElement\":[{\"@type\":\"ListItem\",\"position\":1,\"name\":\"Portada\",\"item\":\"https:\/\/behindthebench.institute\/\"},{\"@type\":\"ListItem\",\"position\":2,\"name\":\"Tienda\",\"item\":\"https:\/\/behindthebench.institute\/tienda\/\"},{\"@type\":\"ListItem\",\"position\":3,\"name\":\"Microcurso \u00abP\u00edldoras para la gesti\u00f3n de un club de baloncesto amateur\u00bb.\"}]},{\"@type\":\"WebSite\",\"@id\":\"https:\/\/behindthebench.institute\/#website\",\"url\":\"https:\/\/behindthebench.institute\/\",\"name\":\"The Behind the Bench Institute\",\"description\":\"Formaci\u00f3n en basketball management.\",\"publisher\":{\"@id\":\"https:\/\/behindthebench.institute\/#organization\"},\"potentialAction\":[{\"@type\":\"SearchAction\",\"target\":{\"@type\":\"EntryPoint\",\"urlTemplate\":\"https:\/\/behindthebench.institute\/?s={search_term_string}\"},\"query-input\":\"required name=search_term_string\"}],\"inLanguage\":\"en-GB\"},{\"@type\":\"Organization\",\"@id\":\"https:\/\/behindthebench.institute\/#organization\",\"name\":\"The Behind the Bench Institute\",\"url\":\"https:\/\/behindthebench.institute\/\",\"logo\":{\"@type\":\"ImageObject\",\"inLanguage\":\"en-GB\",\"@id\":\"https:\/\/behindthebench.institute\/#\/schema\/logo\/image\/\",\"url\":\"https:\/\/behindthebench.institute\/wp-content\/uploads\/2024\/01\/logoweb-blanco-behind-the-bench.png\",\"contentUrl\":\"https:\/\/behindthebench.institute\/wp-content\/uploads\/2024\/01\/logoweb-blanco-behind-the-bench.png\",\"width\":282,\"height\":200,\"caption\":\"The Behind the Bench Institute\"},\"image\":{\"@id\":\"https:\/\/behindthebench.institute\/#\/schema\/logo\/image\/\"}}]}<\/script>\n<!-- \/ Yoast SEO plugin. -->","yoast_head_json":{"title":"Microcurso \"P\u00edldoras para la gesti\u00f3n de un club de baloncesto amateur\". - The Behind the Bench Institute","robots":{"index":"index","follow":"follow","max-snippet":"max-snippet:-1","max-image-preview":"max-image-preview:large","max-video-preview":"max-video-preview:-1"},"canonical":"https:\/\/behindthebench.institute\/en\/product\/microcurso-pildoras-para-la-gestion-de-un-club-de-baloncesto-amateur\/","og_locale":"en_GB","og_type":"article","og_title":"Microcurso \"P\u00edldoras para la gesti\u00f3n de un club de baloncesto amateur\". - The Behind the Bench Institute","og_description":"A trav\u00e9s de m\u00f3dulos breves y pr\u00e1cticos, este curso ofrece una visi\u00f3n general de algunos de los aspectos clave en la gesti\u00f3n de un club de baloncesto amateur. Es una oportunidad perfecta para explorar c\u00f3mo Behind the Bench Institute aborda la formaci\u00f3n en gesti\u00f3n de clubes de baloncesto, permiti\u00e9ndote obtener una idea m\u00e1s profunda y [&hellip;]","og_url":"https:\/\/behindthebench.institute\/en\/product\/microcurso-pildoras-para-la-gestion-de-un-club-de-baloncesto-amateur\/","og_site_name":"The Behind the Bench Institute","article_modified_time":"2025-04-03T08:26:21+00:00","og_image":[{"width":1080,"height":1080,"url":"https:\/\/behindthebench.institute\/wp-content\/uploads\/2024\/11\/WhatsApp-Image-2024-11-23-at-16.48.10.jpeg","type":"image\/jpeg"}],"twitter_card":"summary_large_image","twitter_misc":{"Estimated reading time":"1 minute"},"schema":{"@context":"https:\/\/schema.org","@graph":[{"@type":"WebPage","@id":"https:\/\/behindthebench.institute\/producto\/microcurso-pildoras-para-la-gestion-de-un-club-de-baloncesto-amateur\/","url":"https:\/\/behindthebench.institute\/producto\/microcurso-pildoras-para-la-gestion-de-un-club-de-baloncesto-amateur\/","name":"Microcurso \"P\u00edldoras para la gesti\u00f3n de un club de baloncesto amateur\". - The Behind the Bench Institute","isPartOf":{"@id":"https:\/\/behindthebench.institute\/#website"},"primaryImageOfPage":{"@id":"https:\/\/behindthebench.institute\/producto\/microcurso-pildoras-para-la-gestion-de-un-club-de-baloncesto-amateur\/#primaryimage"},"image":{"@id":"https:\/\/behindthebench.institute\/producto\/microcurso-pildoras-para-la-gestion-de-un-club-de-baloncesto-amateur\/#primaryimage"},"thumbnailUrl":"https:\/\/behindthebench.institute\/wp-content\/uploads\/2024\/11\/WhatsApp-Image-2024-11-23-at-16.48.10.jpeg","datePublished":"2024-11-20T11:02:58+00:00","dateModified":"2025-04-03T08:26:21+00:00","breadcrumb":{"@id":"https:\/\/behindthebench.institute\/producto\/microcurso-pildoras-para-la-gestion-de-un-club-de-baloncesto-amateur\/#breadcrumb"},"inLanguage":"en-GB","potentialAction":[{"@type":"ReadAction","target":["https:\/\/behindthebench.institute\/producto\/microcurso-pildoras-para-la-gestion-de-un-club-de-baloncesto-amateur\/"]}]},{"@type":"ImageObject","inLanguage":"en-GB","@id":"https:\/\/behindthebench.institute\/producto\/microcurso-pildoras-para-la-gestion-de-un-club-de-baloncesto-amateur\/#primaryimage","url":"https:\/\/behindthebench.institute\/wp-content\/uploads\/2024\/11\/WhatsApp-Image-2024-11-23-at-16.48.10.jpeg","contentUrl":"https:\/\/behindthebench.institute\/wp-content\/uploads\/2024\/11\/WhatsApp-Image-2024-11-23-at-16.48.10.jpeg","width":1080,"height":1080},{"@type":"BreadcrumbList","@id":"https:\/\/behindthebench.institute\/producto\/microcurso-pildoras-para-la-gestion-de-un-club-de-baloncesto-amateur\/#breadcrumb","itemListElement":[{"@type":"ListItem","position":1,"name":"Portada","item":"https:\/\/behindthebench.institute\/"},{"@type":"ListItem","position":2,"name":"Tienda","item":"https:\/\/behindthebench.institute\/tienda\/"},{"@type":"ListItem","position":3,"name":"Microcurso \u00abP\u00edldoras para la gesti\u00f3n de un club de baloncesto amateur\u00bb."}]},{"@type":"WebSite","@id":"https:\/\/behindthebench.institute\/#website","url":"https:\/\/behindthebench.institute\/","name":"The Behind the Bench Institute","description":"Formaci\u00f3n en basketball management.","publisher":{"@id":"https:\/\/behindthebench.institute\/#organization"},"potentialAction":[{"@type":"SearchAction","target":{"@type":"EntryPoint","urlTemplate":"https:\/\/behindthebench.institute\/?s={search_term_string}"},"query-input":"required name=search_term_string"}],"inLanguage":"en-GB"},{"@type":"Organization","@id":"https:\/\/behindthebench.institute\/#organization","name":"The Behind the Bench Institute","url":"https:\/\/behindthebench.institute\/","logo":{"@type":"ImageObject","inLanguage":"en-GB","@id":"https:\/\/behindthebench.institute\/#\/schema\/logo\/image\/","url":"https:\/\/behindthebench.institute\/wp-content\/uploads\/2024\/01\/logoweb-blanco-behind-the-bench.png","contentUrl":"https:\/\/behindthebench.institute\/wp-content\/uploads\/2024\/01\/logoweb-blanco-behind-the-bench.png","width":282,"height":200,"caption":"The Behind the Bench Institute"},"image":{"@id":"https:\/\/behindthebench.institute\/#\/schema\/logo\/image\/"}}]}},"_links":{"self":[{"href":"https:\/\/behindthebench.institute\/en\/wp-json\/wp\/v2\/product\/1802","targetHints":{"allow":["GET"]}}],"collection":[{"href":"https:\/\/behindthebench.institute\/en\/wp-json\/wp\/v2\/product"}],"about":[{"href":"https:\/\/behindthebench.institute\/en\/wp-json\/wp\/v2\/types\/product"}],"wp:featuredmedia":[{"embeddable":true,"href":"https:\/\/behindthebench.institute\/en\/wp-json\/wp\/v2\/media\/1808"}],"wp:attachment":[{"href":"https:\/\/behindthebench.institute\/en\/wp-json\/wp\/v2\/media?parent=1802"}],"wp:term":[{"taxonomy":"product_cat","embeddable":true,"href":"https:\/\/behindthebench.institute\/en\/wp-json\/wp\/v2\/product_cat?post=1802"},{"taxonomy":"product_tag","embeddable":true,"href":"https:\/\/behindthebench.institute\/en\/wp-json\/wp\/v2\/product_tag?post=1802"}],"curies":[{"name":"wp","href":"https:\/\/api.w.org\/{rel}","templated":true}]}}