{"id":35,"date":"2024-01-24T17:46:50","date_gmt":"2024-01-24T16:46:50","guid":{"rendered":"https:\/\/behindthebench.institute\/?page_id=35"},"modified":"2024-06-19T12:34:18","modified_gmt":"2024-06-19T10:34:18","slug":"politica-de-cookies","status":"publish","type":"page","link":"https:\/\/behindthebench.institute\/en\/politica-de-cookies\/","title":{"rendered":"Cookie Policy"},"content":{"rendered":"<div data-elementor-type=\"wp-page\" data-elementor-id=\"35\" class=\"elementor elementor-35\" data-elementor-post-type=\"page\">\n\t\t\t\t<div class=\"elementor-element elementor-element-e0d8317 e-flex e-con-boxed e-con e-parent\" data-id=\"e0d8317\" data-element_type=\"container\" data-settings=\"{&quot;background_background&quot;:&quot;gradient&quot;}\">\n\t\t\t\t\t<div class=\"e-con-inner\">\n\t\t\t\t<div class=\"elementor-element elementor-element-8c675e4 elementor-invisible elementor-widget elementor-widget-heading\" data-id=\"8c675e4\" data-element_type=\"widget\" data-settings=\"{&quot;_animation&quot;:&quot;fadeInUp&quot;}\" data-widget_type=\"heading.default\">\n\t\t\t\t<div class=\"elementor-widget-container\">\n\t\t\t<style>\/*! elementor - v3.22.0 - 17-06-2024 *\/\n.elementor-heading-title{padding:0;margin:0;line-height:1}.elementor-widget-heading .elementor-heading-title[class*=elementor-size-]>a{color:inherit;font-size:inherit;line-height:inherit}.elementor-widget-heading .elementor-heading-title.elementor-size-small{font-size:15px}.elementor-widget-heading .elementor-heading-title.elementor-size-medium{font-size:19px}.elementor-widget-heading .elementor-heading-title.elementor-size-large{font-size:29px}.elementor-widget-heading .elementor-heading-title.elementor-size-xl{font-size:39px}.elementor-widget-heading .elementor-heading-title.elementor-size-xxl{font-size:59px}<\/style><h1 class=\"elementor-heading-title elementor-size-default\">Cookie Policy<\/h1>\t\t<\/div>\n\t\t\t\t<\/div>\n\t\t\t\t\t<\/div>\n\t\t\t\t<\/div>\n\t\t<div class=\"elementor-element elementor-element-674ad8d e-flex e-con-boxed e-con e-parent\" data-id=\"674ad8d\" data-element_type=\"container\">\n\t\t\t\t\t<div class=\"e-con-inner\">\n\t\t\t\t<div class=\"elementor-element elementor-element-d4da3c8 elementor-widget elementor-widget-text-editor\" data-id=\"d4da3c8\" data-element_type=\"widget\" data-widget_type=\"text-editor.default\">\n\t\t\t\t<div class=\"elementor-widget-container\">\n\t\t\t<style>\/*! elementor - v3.22.0 - 17-06-2024 *\/\n.elementor-widget-text-editor.elementor-drop-cap-view-stacked .elementor-drop-cap{background-color:#69727d;color:#fff}.elementor-widget-text-editor.elementor-drop-cap-view-framed .elementor-drop-cap{color:#69727d;border:3px solid;background-color:transparent}.elementor-widget-text-editor:not(.elementor-drop-cap-view-default) .elementor-drop-cap{margin-top:8px}.elementor-widget-text-editor:not(.elementor-drop-cap-view-default) .elementor-drop-cap-letter{width:1em;height:1em}.elementor-widget-text-editor .elementor-drop-cap{float:left;text-align:center;line-height:1;font-size:50px}.elementor-widget-text-editor .elementor-drop-cap-letter{display:inline-block}<\/style>\t\t\t\t<div class=\"row\">\n<div class=\"col-xl-10 mx-auto\">\n<div class=\"paper\">\n<header class=\"text-center\">\n<h2 class=\"m-auto\"><span style=\"color: var( --e-global-color-secondary ); font-family: var( --e-global-typography-83682a1-font-family ), Sans-serif; font-size: var( --e-global-typography-83682a1-font-size ); font-style: var( --e-global-typography-83682a1-font-style ); font-weight: var( --e-global-typography-83682a1-font-weight ); letter-spacing: var( --e-global-typography-83682a1-letter-spacing ); text-transform: var( --e-global-typography-83682a1-text-transform ); word-spacing: var( --e-global-typography-83682a1-word-spacing ); text-align: var(--text-align); background-color: var( --e-global-color-cfa1f76 );\">https:\/\/behindthebench.institute\/<\/span><br><\/h2>\n<\/header>\n<div>\n<p>Access to this Website may involve the use of cookies. Cookies are small amounts of information that are stored in the browser used by each User - in the different devices that may be used to browse - so that the server remembers certain information that will subsequently be read only by the server that implemented it. Cookies make browsing easier, more user-friendly and do not damage the browsing device.<\/p>\n<p>Cookies are automatic procedures for collecting information relating to the preferences determined by the User during his\/her visit to the Website in order to recognise him\/her as a User, and to personalise his\/her experience and use of the Website, and may also, for example, help to identify and resolve errors.<\/p>\n<p>The information collected through cookies may include the date and time of visits to the Website, the pages viewed, the time spent on the Website and the sites visited just before and just after the Website. However, no cookie allows this cookie to contact the User's telephone number or any other means of personal contact. No cookie can extract information from the User's hard drive or steal personal information. The only way for the User's private information to be part of the Cookie file is for the User to personally give that information to the server.<\/p>\n<p>Cookies that allow a person to be identified are considered personal data. Therefore, the aforementioned Privacy Policy shall apply to them. In this regard, the use of cookies requires the consent of the User. This consent will be communicated, on the basis of a genuine choice, offered by means of an affirmative and positive decision, prior to the initial processing, removable and documented.<\/p>\n<div class=\"\">\n<h4>Own cookies<\/h4>\n<p>These are cookies that are sent to the User's computer or device and are exclusively managed by <span class=\"blanc-space ng-binding\">Behind The Bench Institute<\/span> for the better functioning of the Website. The information collected is used to improve the quality of the Website and its Content and your experience as a User. These cookies make it possible to recognise the User as a repeat visitor to the Website and to adapt the content to offer him\/her content that is tailored to his\/her preferences.<\/p>\n<\/div>\n<div class=\"thirdCookies ng-hide\">\n<h4>Third party cookies<\/h4>\n<p>These are cookies used and managed by external entities that provide to <span class=\"blanc-space ng-binding\">Behind The Bench Institute<\/span> services requested by the same in order to improve the Website and the user's experience when browsing the Website. The main purposes for which third-party cookies are used are to obtain access statistics and to analyse browsing information, i.e. how the User interacts with the Website.<\/p>\n<p>The information obtained refers, for example, to the number of pages visited, the language, the place where the IP address from which the User accesses, the number of Users who access, the frequency and recurrence of visits, the time of visit, the browser used, the operator or type of device from which the visit is made. This information is used to improve the Website, and to detect new needs in order to offer Users optimum quality Content and\/or service. In any case, the information is collected anonymously and reports on website trends are drawn up without identifying individual users.<\/p>\n<p>You can obtain more information about cookies, privacy information, or consult the description of the type of cookies used, their main characteristics, expiry period, etc. at the following link(s):<\/p>\n<p class=\"text-wrap ng-binding\">\n<\/p><p>The entity(ies) responsible for the provision of cookies may transfer this information to third parties, where required by law or where a third party processes this information for these entities.<\/p>\n<\/div>\n<div class=\"ng-hide\">\n<h4>Social media cookies<\/h4>\n<p><span class=\"blanc-space ng-binding\">Behind The Bench Institute<\/span> incorporates social media plugins, which allow access to social networks from the Website. For this reason, social network cookies may be stored in the User's browser. The owners of these social networks have their own data protection and cookie policies, being themselves, in each case, responsible for their own files and their own privacy practices. The User should refer to them for information about these cookies and, where appropriate, the processing of their personal data. For information purposes only, the links where these privacy and\/or cookie policies can be consulted are indicated below:<\/p>\n<ul>\n<li>Facebook: <a class=\"text-info\" href=\"https:\/\/www.facebook.com\/policies\/cookies\/\">https:\/\/www.facebook.com\/policies\/cookies\/<\/a><\/li>\n<li>Twitter: <a class=\"text-info\" href=\"https:\/\/twitter.com\/es\/privacy\">https:\/\/twitter.com\/es\/privacy<\/a><\/li>\n<li>Instagram: <a class=\"text-info\" href=\"https:\/\/help.instagram.com\/1896641480634370?ref=ig\">https:\/\/help.instagram.com\/1896641480634370?ref=ig<\/a><\/li>\n<li>YouTube: <a class=\"text-info\" href=\"https:\/\/policies.google.com\/privacy?hl=es-419&amp;gl=mx\">https:\/\/policies.google.com\/privacy?hl=es-419&amp;gl=mx<\/a><\/li>\n<li>Pinterest: <a class=\"text-info\" href=\"https:\/\/policy.pinterest.com\/es\/privacy-policy\">https:\/\/policy.pinterest.com\/es\/privacy-policy<\/a><\/li>\n<li>LinkedIn: <a class=\"text-info\" href=\"https:\/\/www.linkedin.com\/legal\/cookie-policy?trk=hp-cookies\">https:\/\/www.linkedin.com\/legal\/cookie-policy?trk=hp-cookies<\/a><\/li>\n<\/ul>\n<\/div>\n<h4>Disabling, rejecting and deleting cookies<\/h4>\n<p>The User can disable, reject and delete cookies - in whole or in part - installed on their device by configuring their browser (including, for example, Chrome, Firefox, Safari, Explorer). In this regard, the procedures for rejecting and deleting cookies may differ from one Internet browser to another. Consequently, the User must follow the instructions provided by the Internet browser that he\/she is using. In the event that you reject the use of cookies - totally or partially - you may continue to use the Website, although the use of some of its features may be limited.<\/p>\n<p><\/p>\n<\/div>\n<\/div>\n<\/div>\n<\/div>\t\t\t\t\t\t<\/div>\n\t\t\t\t<\/div>\n\t\t\t\t\t<\/div>\n\t\t\t\t<\/div>\n\t\t\t\t<\/div>","protected":false},"excerpt":{"rendered":"<p>https:\/\/behindthebench.institute\/ Access to this Website may involve the use of cookies. Cookies are small amounts of information that are stored in the browser used by each User - in the different devices that they may use to browse - so that the server remembers certain information that is subsequently and only the server that implemented it [...].<\/p>","protected":false},"author":27,"featured_media":0,"parent":0,"menu_order":10,"comment_status":"closed","ping_status":"closed","template":"elementor_header_footer","meta":{"footnotes":""},"class_list":["post-35","page","type-page","status-publish","hentry"],"yoast_head":"<!-- This site is optimized with the Yoast SEO plugin v22.9 - https:\/\/yoast.com\/wordpress\/plugins\/seo\/ -->\n<title>Pol\u00edtica de Cookies - The Behind the Bench Institute<\/title>\n<meta name=\"robots\" content=\"noindex, nofollow\" \/>\n<meta property=\"og:locale\" content=\"en_GB\" \/>\n<meta property=\"og:type\" content=\"article\" \/>\n<meta property=\"og:title\" content=\"Pol\u00edtica de Cookies - The Behind the Bench Institute\" \/>\n<meta property=\"og:description\" content=\"https:\/\/behindthebench.institute\/ El acceso a este Sitio Web puede implicar la utilizaci\u00f3n de cookies. Las cookies son peque\u00f1as cantidades de informaci\u00f3n que se almacenan en el navegador utilizado por cada Usuario \u2014en los distintos dispositivos que pueda utilizar para navegar\u2014 para que el servidor recuerde cierta informaci\u00f3n que posteriormente y \u00fanicamente el servidor que la implement\u00f3 [&hellip;]\" \/>\n<meta property=\"og:url\" content=\"https:\/\/behindthebench.institute\/en\/politica-de-cookies\/\" \/>\n<meta property=\"og:site_name\" content=\"The Behind the Bench Institute\" \/>\n<meta property=\"article:modified_time\" content=\"2024-06-19T10:34:18+00:00\" \/>\n<meta name=\"twitter:card\" content=\"summary_large_image\" \/>\n<meta name=\"twitter:label1\" content=\"Estimated reading time\" \/>\n\t<meta name=\"twitter:data1\" content=\"4 minutes\" \/>\n<script type=\"application\/ld+json\" class=\"yoast-schema-graph\">{\"@context\":\"https:\/\/schema.org\",\"@graph\":[{\"@type\":\"WebPage\",\"@id\":\"https:\/\/behindthebench.institute\/politica-de-cookies\/\",\"url\":\"https:\/\/behindthebench.institute\/politica-de-cookies\/\",\"name\":\"Pol\u00edtica de Cookies - The Behind the Bench Institute\",\"isPartOf\":{\"@id\":\"https:\/\/behindthebench.institute\/#website\"},\"datePublished\":\"2024-01-24T16:46:50+00:00\",\"dateModified\":\"2024-06-19T10:34:18+00:00\",\"breadcrumb\":{\"@id\":\"https:\/\/behindthebench.institute\/politica-de-cookies\/#breadcrumb\"},\"inLanguage\":\"en-GB\",\"potentialAction\":[{\"@type\":\"ReadAction\",\"target\":[\"https:\/\/behindthebench.institute\/politica-de-cookies\/\"]}]},{\"@type\":\"BreadcrumbList\",\"@id\":\"https:\/\/behindthebench.institute\/politica-de-cookies\/#breadcrumb\",\"itemListElement\":[{\"@type\":\"ListItem\",\"position\":1,\"name\":\"Portada\",\"item\":\"https:\/\/behindthebench.institute\/\"},{\"@type\":\"ListItem\",\"position\":2,\"name\":\"Pol\u00edtica de Cookies\"}]},{\"@type\":\"WebSite\",\"@id\":\"https:\/\/behindthebench.institute\/#website\",\"url\":\"https:\/\/behindthebench.institute\/\",\"name\":\"The Behind the Bench Institute\",\"description\":\"Formaci\u00f3n en basketball management.\",\"publisher\":{\"@id\":\"https:\/\/behindthebench.institute\/#organization\"},\"potentialAction\":[{\"@type\":\"SearchAction\",\"target\":{\"@type\":\"EntryPoint\",\"urlTemplate\":\"https:\/\/behindthebench.institute\/?s={search_term_string}\"},\"query-input\":\"required name=search_term_string\"}],\"inLanguage\":\"en-GB\"},{\"@type\":\"Organization\",\"@id\":\"https:\/\/behindthebench.institute\/#organization\",\"name\":\"The Behind the Bench Institute\",\"url\":\"https:\/\/behindthebench.institute\/\",\"logo\":{\"@type\":\"ImageObject\",\"inLanguage\":\"en-GB\",\"@id\":\"https:\/\/behindthebench.institute\/#\/schema\/logo\/image\/\",\"url\":\"https:\/\/behindthebench.institute\/wp-content\/uploads\/2024\/01\/logoweb-blanco-behind-the-bench.png\",\"contentUrl\":\"https:\/\/behindthebench.institute\/wp-content\/uploads\/2024\/01\/logoweb-blanco-behind-the-bench.png\",\"width\":282,\"height\":200,\"caption\":\"The Behind the Bench Institute\"},\"image\":{\"@id\":\"https:\/\/behindthebench.institute\/#\/schema\/logo\/image\/\"}}]}<\/script>\n<!-- \/ Yoast SEO plugin. -->","yoast_head_json":{"title":"Pol\u00edtica de Cookies - The Behind the Bench Institute","robots":{"index":"noindex","follow":"nofollow"},"og_locale":"en_GB","og_type":"article","og_title":"Pol\u00edtica de Cookies - The Behind the Bench Institute","og_description":"https:\/\/behindthebench.institute\/ El acceso a este Sitio Web puede implicar la utilizaci\u00f3n de cookies. Las cookies son peque\u00f1as cantidades de informaci\u00f3n que se almacenan en el navegador utilizado por cada Usuario \u2014en los distintos dispositivos que pueda utilizar para navegar\u2014 para que el servidor recuerde cierta informaci\u00f3n que posteriormente y \u00fanicamente el servidor que la implement\u00f3 [&hellip;]","og_url":"https:\/\/behindthebench.institute\/en\/politica-de-cookies\/","og_site_name":"The Behind the Bench Institute","article_modified_time":"2024-06-19T10:34:18+00:00","twitter_card":"summary_large_image","twitter_misc":{"Estimated reading time":"4 minutes"},"schema":{"@context":"https:\/\/schema.org","@graph":[{"@type":"WebPage","@id":"https:\/\/behindthebench.institute\/politica-de-cookies\/","url":"https:\/\/behindthebench.institute\/politica-de-cookies\/","name":"Pol\u00edtica de Cookies - The Behind the Bench Institute","isPartOf":{"@id":"https:\/\/behindthebench.institute\/#website"},"datePublished":"2024-01-24T16:46:50+00:00","dateModified":"2024-06-19T10:34:18+00:00","breadcrumb":{"@id":"https:\/\/behindthebench.institute\/politica-de-cookies\/#breadcrumb"},"inLanguage":"en-GB","potentialAction":[{"@type":"ReadAction","target":["https:\/\/behindthebench.institute\/politica-de-cookies\/"]}]},{"@type":"BreadcrumbList","@id":"https:\/\/behindthebench.institute\/politica-de-cookies\/#breadcrumb","itemListElement":[{"@type":"ListItem","position":1,"name":"Portada","item":"https:\/\/behindthebench.institute\/"},{"@type":"ListItem","position":2,"name":"Pol\u00edtica de Cookies"}]},{"@type":"WebSite","@id":"https:\/\/behindthebench.institute\/#website","url":"https:\/\/behindthebench.institute\/","name":"The Behind the Bench Institute","description":"Formaci\u00f3n en basketball management.","publisher":{"@id":"https:\/\/behindthebench.institute\/#organization"},"potentialAction":[{"@type":"SearchAction","target":{"@type":"EntryPoint","urlTemplate":"https:\/\/behindthebench.institute\/?s={search_term_string}"},"query-input":"required name=search_term_string"}],"inLanguage":"en-GB"},{"@type":"Organization","@id":"https:\/\/behindthebench.institute\/#organization","name":"The Behind the Bench Institute","url":"https:\/\/behindthebench.institute\/","logo":{"@type":"ImageObject","inLanguage":"en-GB","@id":"https:\/\/behindthebench.institute\/#\/schema\/logo\/image\/","url":"https:\/\/behindthebench.institute\/wp-content\/uploads\/2024\/01\/logoweb-blanco-behind-the-bench.png","contentUrl":"https:\/\/behindthebench.institute\/wp-content\/uploads\/2024\/01\/logoweb-blanco-behind-the-bench.png","width":282,"height":200,"caption":"The Behind the Bench Institute"},"image":{"@id":"https:\/\/behindthebench.institute\/#\/schema\/logo\/image\/"}}]}},"_links":{"self":[{"href":"https:\/\/behindthebench.institute\/en\/wp-json\/wp\/v2\/pages\/35","targetHints":{"allow":["GET"]}}],"collection":[{"href":"https:\/\/behindthebench.institute\/en\/wp-json\/wp\/v2\/pages"}],"about":[{"href":"https:\/\/behindthebench.institute\/en\/wp-json\/wp\/v2\/types\/page"}],"author":[{"embeddable":true,"href":"https:\/\/behindthebench.institute\/en\/wp-json\/wp\/v2\/users\/27"}],"replies":[{"embeddable":true,"href":"https:\/\/behindthebench.institute\/en\/wp-json\/wp\/v2\/comments?post=35"}],"version-history":[{"count":0,"href":"https:\/\/behindthebench.institute\/en\/wp-json\/wp\/v2\/pages\/35\/revisions"}],"wp:attachment":[{"href":"https:\/\/behindthebench.institute\/en\/wp-json\/wp\/v2\/media?parent=35"}],"curies":[{"name":"wp","href":"https:\/\/api.w.org\/{rel}","templated":true}]}}