{"id":19,"date":"2024-01-24T17:44:14","date_gmt":"2024-01-24T16:44:14","guid":{"rendered":"https:\/\/behindthebench.institute\/?page_id=19"},"modified":"2024-05-17T12:03:31","modified_gmt":"2024-05-17T10:03:31","slug":"programas","status":"publish","type":"page","link":"https:\/\/behindthebench.institute\/en\/programas\/","title":{"rendered":"Programmes"},"content":{"rendered":"<div data-elementor-type=\"wp-page\" data-elementor-id=\"19\" class=\"elementor elementor-19\" data-elementor-post-type=\"page\">\n\t\t\t\t<div class=\"elementor-element elementor-element-674bfe0 e-flex e-con-boxed e-con e-parent\" data-id=\"674bfe0\" data-element_type=\"container\" data-settings=\"{&quot;background_background&quot;:&quot;gradient&quot;}\">\n\t\t\t\t\t<div class=\"e-con-inner\">\n\t\t\t\t<div class=\"elementor-element elementor-element-a65a052 elementor-invisible elementor-widget elementor-widget-heading\" data-id=\"a65a052\" data-element_type=\"widget\" data-settings=\"{&quot;_animation&quot;:&quot;fadeInUp&quot;}\" data-widget_type=\"heading.default\">\n\t\t\t\t<div class=\"elementor-widget-container\">\n\t\t\t<style>\/*! elementor - v3.22.0 - 17-06-2024 *\/\n.elementor-heading-title{padding:0;margin:0;line-height:1}.elementor-widget-heading .elementor-heading-title[class*=elementor-size-]>a{color:inherit;font-size:inherit;line-height:inherit}.elementor-widget-heading .elementor-heading-title.elementor-size-small{font-size:15px}.elementor-widget-heading .elementor-heading-title.elementor-size-medium{font-size:19px}.elementor-widget-heading .elementor-heading-title.elementor-size-large{font-size:29px}.elementor-widget-heading .elementor-heading-title.elementor-size-xl{font-size:39px}.elementor-widget-heading .elementor-heading-title.elementor-size-xxl{font-size:59px}<\/style><h1 class=\"elementor-heading-title elementor-size-default\">Programmes<\/h1>\t\t<\/div>\n\t\t\t\t<\/div>\n\t\t\t\t\t<\/div>\n\t\t\t\t<\/div>\n\t\t<div class=\"elementor-element elementor-element-bb621f0 e-flex e-con-boxed e-con e-parent\" data-id=\"bb621f0\" data-element_type=\"container\" data-settings=\"{&quot;background_background&quot;:&quot;classic&quot;}\">\n\t\t\t\t\t<div class=\"e-con-inner\">\n\t\t<div class=\"elementor-element elementor-element-92eb3df e-con-full e-flex elementor-invisible e-con e-child\" data-id=\"92eb3df\" data-element_type=\"container\" data-settings=\"{&quot;animation&quot;:&quot;fadeInLeft&quot;}\">\n\t\t\t\t<div class=\"elementor-element elementor-element-464282d elementor-widget elementor-widget-heading\" data-id=\"464282d\" data-element_type=\"widget\" data-widget_type=\"heading.default\">\n\t\t\t\t<div class=\"elementor-widget-container\">\n\t\t\t<h2 class=\"elementor-heading-title elementor-size-default\">Global Basketball Management Course<\/h2>\t\t<\/div>\n\t\t\t\t<\/div>\n\t\t\t\t<div class=\"elementor-element elementor-element-4eee953 elementor-widget elementor-widget-text-editor\" data-id=\"4eee953\" data-element_type=\"widget\" data-widget_type=\"text-editor.default\">\n\t\t\t\t<div class=\"elementor-widget-container\">\n\t\t\t<style>\/*! elementor - v3.22.0 - 17-06-2024 *\/\n.elementor-widget-text-editor.elementor-drop-cap-view-stacked .elementor-drop-cap{background-color:#69727d;color:#fff}.elementor-widget-text-editor.elementor-drop-cap-view-framed .elementor-drop-cap{color:#69727d;border:3px solid;background-color:transparent}.elementor-widget-text-editor:not(.elementor-drop-cap-view-default) .elementor-drop-cap{margin-top:8px}.elementor-widget-text-editor:not(.elementor-drop-cap-view-default) .elementor-drop-cap-letter{width:1em;height:1em}.elementor-widget-text-editor .elementor-drop-cap{float:left;text-align:center;line-height:1;font-size:50px}.elementor-widget-text-editor .elementor-drop-cap-letter{display:inline-block}<\/style>\t\t\t\t<p>The basketball industry is constantly evolving, and it is crucial that professionals keep abreast of the latest trends and best practices. The Global Basketball management course offers a comprehensive curriculum that can help individuals elevate their management skills and advance their careers in the industry.<\/p>\t\t\t\t\t\t<\/div>\n\t\t\t\t<\/div>\n\t\t\t\t<div class=\"elementor-element elementor-element-168bde3 elementor-widget elementor-widget-button\" data-id=\"168bde3\" data-element_type=\"widget\" data-widget_type=\"button.default\">\n\t\t\t\t<div class=\"elementor-widget-container\">\n\t\t\t\t\t<div class=\"elementor-button-wrapper\">\n\t\t\t<a class=\"elementor-button elementor-button-link elementor-size-md\" href=\"https:\/\/behindthebench.institute\/en\/cursos\/global-basketball-managment-course\/\">\n\t\t\t\t\t\t<span class=\"elementor-button-content-wrapper\">\n\t\t\t\t\t\t\t\t\t<span class=\"elementor-button-text\">more about<\/span>\n\t\t\t\t\t<\/span>\n\t\t\t\t\t<\/a>\n\t\t<\/div>\n\t\t\t\t<\/div>\n\t\t\t\t<\/div>\n\t\t\t\t<div class=\"elementor-element elementor-element-dab5756 elementor-cta--skin-cover elementor-widget__width-inherit elementor-animated-content elementor-bg-transform elementor-bg-transform-zoom-in elementor-widget elementor-widget-call-to-action\" data-id=\"dab5756\" data-element_type=\"widget\" data-widget_type=\"call-to-action.default\">\n\t\t\t\t<div class=\"elementor-widget-container\">\n\t\t\t<link rel=\"stylesheet\" href=\"https:\/\/behindthebench.institute\/wp-content\/uploads\/elementor\/css\/custom-pro-widget-call-to-action.min.css?ver=1718715536\">\t\t<a class=\"elementor-cta\" href=\"https:\/\/behindthebench.institute\/en\/programas\/global-basketball-managment-course\/#precio\">\n\t\t\t\t\t<div class=\"elementor-cta__bg-wrapper\">\n\t\t\t\t<div class=\"elementor-cta__bg elementor-bg\" style=\"background-image: url(https:\/\/behindthebench.institute\/wp-content\/uploads\/2024\/01\/fondo404.jpg);\" role=\"img\" aria-label=\"fondo pagina 404\"><\/div>\n\t\t\t\t<div class=\"elementor-cta__bg-overlay\"><\/div>\n\t\t\t<\/div>\n\t\t\t\t\t\t\t<div class=\"elementor-cta__content\">\n\t\t\t\t\n\t\t\t\t\t\t\t\t\t<h3 class=\"elementor-cta__title elementor-cta__content-item elementor-content-item elementor-animated-item--grow\">\n\t\t\t\t\t\tRegister Today\t\t\t\t\t<\/h3>\n\t\t\t\t\n\t\t\t\t\n\t\t\t\t\t\t\t<\/div>\n\t\t\t\t\t\t<\/a>\n\t\t\t\t<\/div>\n\t\t\t\t<\/div>\n\t\t\t\t<\/div>\n\t\t<div class=\"elementor-element elementor-element-3f549ec e-con-full e-flex e-con e-child\" data-id=\"3f549ec\" data-element_type=\"container\">\n\t\t\t\t<div class=\"elementor-element elementor-element-b7d3f73 elementor-invisible elementor-widget elementor-widget-image\" data-id=\"b7d3f73\" data-element_type=\"widget\" data-settings=\"{&quot;_animation&quot;:&quot;fadeInUp&quot;}\" data-widget_type=\"image.default\">\n\t\t\t\t<div class=\"elementor-widget-container\">\n\t\t\t<style>\/*! elementor - v3.22.0 - 17-06-2024 *\/\n.elementor-widget-image{text-align:center}.elementor-widget-image a{display:inline-block}.elementor-widget-image a img[src$=\".svg\"]{width:48px}.elementor-widget-image img{vertical-align:middle;display:inline-block}<\/style>\t\t\t\t\t\t\t\t\t\t<img fetchpriority=\"high\" decoding=\"async\" width=\"1200\" height=\"1600\" src=\"https:\/\/behindthebench.institute\/wp-content\/uploads\/2024\/03\/gmbm.png\" class=\"attachment-full size-full wp-image-673\" alt=\"global managment course\" srcset=\"https:\/\/behindthebench.institute\/wp-content\/uploads\/2024\/03\/gmbm.png 1200w, https:\/\/behindthebench.institute\/wp-content\/uploads\/2024\/03\/gmbm-600x800.png 600w, https:\/\/behindthebench.institute\/wp-content\/uploads\/2024\/03\/gmbm-225x300.png 225w, https:\/\/behindthebench.institute\/wp-content\/uploads\/2024\/03\/gmbm-768x1024.png 768w, https:\/\/behindthebench.institute\/wp-content\/uploads\/2024\/03\/gmbm-1152x1536.png 1152w\" sizes=\"(max-width: 1200px) 100vw, 1200px\" \/>\t\t\t\t\t\t\t\t\t\t\t\t\t<\/div>\n\t\t\t\t<\/div>\n\t\t\t\t<\/div>\n\t\t\t\t\t<\/div>\n\t\t\t\t<\/div>\n\t\t<div class=\"elementor-element elementor-element-50975db e-flex e-con-boxed e-con e-parent\" data-id=\"50975db\" data-element_type=\"container\">\n\t\t\t\t\t<div class=\"e-con-inner\">\n\t\t\t\t<div class=\"elementor-element elementor-element-faee540 elementor-widget elementor-widget-heading\" data-id=\"faee540\" data-element_type=\"widget\" data-widget_type=\"heading.default\">\n\t\t\t\t<div class=\"elementor-widget-container\">\n\t\t\t<h2 class=\"elementor-heading-title elementor-size-default\">Microcourses<\/h2>\t\t<\/div>\n\t\t\t\t<\/div>\n\t\t\t\t<div class=\"elementor-element elementor-element-17b5ca9 elementor-widget elementor-widget-image\" data-id=\"17b5ca9\" data-element_type=\"widget\" data-widget_type=\"image.default\">\n\t\t\t\t<div class=\"elementor-widget-container\">\n\t\t\t\t\t\t\t\t\t\t\t\t\t<img decoding=\"async\" width=\"800\" height=\"450\" src=\"https:\/\/behindthebench.institute\/wp-content\/uploads\/2024\/02\/proximamente-1024x576.jpg\" class=\"attachment-large size-large wp-image-602\" alt=\"proximamente\" srcset=\"https:\/\/behindthebench.institute\/wp-content\/uploads\/2024\/02\/proximamente-1024x576.jpg 1024w, https:\/\/behindthebench.institute\/wp-content\/uploads\/2024\/02\/proximamente-600x338.jpg 600w, https:\/\/behindthebench.institute\/wp-content\/uploads\/2024\/02\/proximamente-300x169.jpg 300w, https:\/\/behindthebench.institute\/wp-content\/uploads\/2024\/02\/proximamente-768x432.jpg 768w, https:\/\/behindthebench.institute\/wp-content\/uploads\/2024\/02\/proximamente-1536x864.jpg 1536w, https:\/\/behindthebench.institute\/wp-content\/uploads\/2024\/02\/proximamente.jpg 1920w\" sizes=\"(max-width: 800px) 100vw, 800px\" \/>\t\t\t\t\t\t\t\t\t\t\t\t\t<\/div>\n\t\t\t\t<\/div>\n\t\t\t\t\t<\/div>\n\t\t\t\t<\/div>\n\t\t<div class=\"elementor-element elementor-element-60f1b49 elementor-hidden-desktop elementor-hidden-laptop elementor-hidden-tablet elementor-hidden-mobile e-flex e-con-boxed e-con e-parent\" data-id=\"60f1b49\" data-element_type=\"container\" data-settings=\"{&quot;background_background&quot;:&quot;gradient&quot;}\">\n\t\t\t\t\t<div class=\"e-con-inner\">\n\t\t\t\t<div class=\"elementor-element elementor-element-0cb1d70 elementor-widget elementor-widget-heading\" data-id=\"0cb1d70\" data-element_type=\"widget\" data-widget_type=\"heading.default\">\n\t\t\t\t<div class=\"elementor-widget-container\">\n\t\t\t<div class=\"elementor-heading-title elementor-size-default\">Our purpose is to build a thriving and successful alumni base through\nthrough genuine connections and unique experiences.<\/div>\t\t<\/div>\n\t\t\t\t<\/div>\n\t\t\t\t\t<\/div>\n\t\t\t\t<\/div>\n\t\t\t\t<\/div>","protected":false},"excerpt":{"rendered":"<p>Programmes Global Basketball Management Course The basketball industry is constantly evolving, and it is crucial that professionals keep abreast of the latest trends and best practices. The Global Basketball management course offers a comprehensive curriculum that can help individuals to elevate their management skills and advance in their careers.<\/p>","protected":false},"author":27,"featured_media":0,"parent":0,"menu_order":3,"comment_status":"closed","ping_status":"closed","template":"","meta":{"footnotes":""},"class_list":["post-19","page","type-page","status-publish","hentry"],"yoast_head":"<!-- This site is optimized with the Yoast SEO plugin v22.9 - https:\/\/yoast.com\/wordpress\/plugins\/seo\/ -->\n<title>Programas - The Behind the Bench Institute<\/title>\n<meta name=\"robots\" content=\"index, follow, max-snippet:-1, max-image-preview:large, max-video-preview:-1\" \/>\n<link rel=\"canonical\" href=\"https:\/\/behindthebench.institute\/en\/programas\/\" \/>\n<meta property=\"og:locale\" content=\"en_GB\" \/>\n<meta property=\"og:type\" content=\"article\" \/>\n<meta property=\"og:title\" content=\"Programas - The Behind the Bench Institute\" \/>\n<meta property=\"og:description\" content=\"Programas Global Basketball Managment Course La industria del baloncesto evoluciona constantemente, y es crucial que los profesionales se mantengan al d\u00eda de las \u00faltimas tendencias y las mejores pr\u00e1cticas. El Global Basketball management course ofrece un plan de estudios completo que puede ayudar a las personas a elevar sus habilidades de gesti\u00f3n y avanzar en [&hellip;]\" \/>\n<meta property=\"og:url\" content=\"https:\/\/behindthebench.institute\/en\/programas\/\" \/>\n<meta property=\"og:site_name\" content=\"The Behind the Bench Institute\" \/>\n<meta property=\"article:modified_time\" content=\"2024-05-17T10:03:31+00:00\" \/>\n<meta property=\"og:image\" content=\"https:\/\/behindthebench.institute\/wp-content\/uploads\/2024\/03\/gmbm.png\" \/>\n<meta name=\"twitter:card\" content=\"summary_large_image\" \/>\n<meta name=\"twitter:label1\" content=\"Estimated reading time\" \/>\n\t<meta name=\"twitter:data1\" content=\"1 minute\" \/>\n<script type=\"application\/ld+json\" class=\"yoast-schema-graph\">{\"@context\":\"https:\/\/schema.org\",\"@graph\":[{\"@type\":\"WebPage\",\"@id\":\"https:\/\/behindthebench.institute\/programas\/\",\"url\":\"https:\/\/behindthebench.institute\/programas\/\",\"name\":\"Programas - The Behind the Bench Institute\",\"isPartOf\":{\"@id\":\"https:\/\/behindthebench.institute\/#website\"},\"primaryImageOfPage\":{\"@id\":\"https:\/\/behindthebench.institute\/programas\/#primaryimage\"},\"image\":{\"@id\":\"https:\/\/behindthebench.institute\/programas\/#primaryimage\"},\"thumbnailUrl\":\"https:\/\/behindthebench.institute\/wp-content\/uploads\/2024\/03\/gmbm.png\",\"datePublished\":\"2024-01-24T16:44:14+00:00\",\"dateModified\":\"2024-05-17T10:03:31+00:00\",\"breadcrumb\":{\"@id\":\"https:\/\/behindthebench.institute\/programas\/#breadcrumb\"},\"inLanguage\":\"en-GB\",\"potentialAction\":[{\"@type\":\"ReadAction\",\"target\":[\"https:\/\/behindthebench.institute\/programas\/\"]}]},{\"@type\":\"ImageObject\",\"inLanguage\":\"en-GB\",\"@id\":\"https:\/\/behindthebench.institute\/programas\/#primaryimage\",\"url\":\"https:\/\/behindthebench.institute\/wp-content\/uploads\/2024\/03\/gmbm.png\",\"contentUrl\":\"https:\/\/behindthebench.institute\/wp-content\/uploads\/2024\/03\/gmbm.png\"},{\"@type\":\"BreadcrumbList\",\"@id\":\"https:\/\/behindthebench.institute\/programas\/#breadcrumb\",\"itemListElement\":[{\"@type\":\"ListItem\",\"position\":1,\"name\":\"Portada\",\"item\":\"https:\/\/behindthebench.institute\/\"},{\"@type\":\"ListItem\",\"position\":2,\"name\":\"Programas\"}]},{\"@type\":\"WebSite\",\"@id\":\"https:\/\/behindthebench.institute\/#website\",\"url\":\"https:\/\/behindthebench.institute\/\",\"name\":\"The Behind the Bench Institute\",\"description\":\"Formaci\u00f3n en basketball management.\",\"publisher\":{\"@id\":\"https:\/\/behindthebench.institute\/#organization\"},\"potentialAction\":[{\"@type\":\"SearchAction\",\"target\":{\"@type\":\"EntryPoint\",\"urlTemplate\":\"https:\/\/behindthebench.institute\/?s={search_term_string}\"},\"query-input\":\"required name=search_term_string\"}],\"inLanguage\":\"en-GB\"},{\"@type\":\"Organization\",\"@id\":\"https:\/\/behindthebench.institute\/#organization\",\"name\":\"The Behind the Bench Institute\",\"url\":\"https:\/\/behindthebench.institute\/\",\"logo\":{\"@type\":\"ImageObject\",\"inLanguage\":\"en-GB\",\"@id\":\"https:\/\/behindthebench.institute\/#\/schema\/logo\/image\/\",\"url\":\"https:\/\/behindthebench.institute\/wp-content\/uploads\/2024\/01\/logoweb-blanco-behind-the-bench.png\",\"contentUrl\":\"https:\/\/behindthebench.institute\/wp-content\/uploads\/2024\/01\/logoweb-blanco-behind-the-bench.png\",\"width\":282,\"height\":200,\"caption\":\"The Behind the Bench Institute\"},\"image\":{\"@id\":\"https:\/\/behindthebench.institute\/#\/schema\/logo\/image\/\"}}]}<\/script>\n<!-- \/ Yoast SEO plugin. -->","yoast_head_json":{"title":"Programas - The Behind the Bench Institute","robots":{"index":"index","follow":"follow","max-snippet":"max-snippet:-1","max-image-preview":"max-image-preview:large","max-video-preview":"max-video-preview:-1"},"canonical":"https:\/\/behindthebench.institute\/en\/programas\/","og_locale":"en_GB","og_type":"article","og_title":"Programas - The Behind the Bench Institute","og_description":"Programas Global Basketball Managment Course La industria del baloncesto evoluciona constantemente, y es crucial que los profesionales se mantengan al d\u00eda de las \u00faltimas tendencias y las mejores pr\u00e1cticas. El Global Basketball management course ofrece un plan de estudios completo que puede ayudar a las personas a elevar sus habilidades de gesti\u00f3n y avanzar en [&hellip;]","og_url":"https:\/\/behindthebench.institute\/en\/programas\/","og_site_name":"The Behind the Bench Institute","article_modified_time":"2024-05-17T10:03:31+00:00","og_image":[{"url":"https:\/\/behindthebench.institute\/wp-content\/uploads\/2024\/03\/gmbm.png"}],"twitter_card":"summary_large_image","twitter_misc":{"Estimated reading time":"1 minute"},"schema":{"@context":"https:\/\/schema.org","@graph":[{"@type":"WebPage","@id":"https:\/\/behindthebench.institute\/programas\/","url":"https:\/\/behindthebench.institute\/programas\/","name":"Programas - The Behind the Bench Institute","isPartOf":{"@id":"https:\/\/behindthebench.institute\/#website"},"primaryImageOfPage":{"@id":"https:\/\/behindthebench.institute\/programas\/#primaryimage"},"image":{"@id":"https:\/\/behindthebench.institute\/programas\/#primaryimage"},"thumbnailUrl":"https:\/\/behindthebench.institute\/wp-content\/uploads\/2024\/03\/gmbm.png","datePublished":"2024-01-24T16:44:14+00:00","dateModified":"2024-05-17T10:03:31+00:00","breadcrumb":{"@id":"https:\/\/behindthebench.institute\/programas\/#breadcrumb"},"inLanguage":"en-GB","potentialAction":[{"@type":"ReadAction","target":["https:\/\/behindthebench.institute\/programas\/"]}]},{"@type":"ImageObject","inLanguage":"en-GB","@id":"https:\/\/behindthebench.institute\/programas\/#primaryimage","url":"https:\/\/behindthebench.institute\/wp-content\/uploads\/2024\/03\/gmbm.png","contentUrl":"https:\/\/behindthebench.institute\/wp-content\/uploads\/2024\/03\/gmbm.png"},{"@type":"BreadcrumbList","@id":"https:\/\/behindthebench.institute\/programas\/#breadcrumb","itemListElement":[{"@type":"ListItem","position":1,"name":"Portada","item":"https:\/\/behindthebench.institute\/"},{"@type":"ListItem","position":2,"name":"Programas"}]},{"@type":"WebSite","@id":"https:\/\/behindthebench.institute\/#website","url":"https:\/\/behindthebench.institute\/","name":"The Behind the Bench Institute","description":"Formaci\u00f3n en basketball management.","publisher":{"@id":"https:\/\/behindthebench.institute\/#organization"},"potentialAction":[{"@type":"SearchAction","target":{"@type":"EntryPoint","urlTemplate":"https:\/\/behindthebench.institute\/?s={search_term_string}"},"query-input":"required name=search_term_string"}],"inLanguage":"en-GB"},{"@type":"Organization","@id":"https:\/\/behindthebench.institute\/#organization","name":"The Behind the Bench Institute","url":"https:\/\/behindthebench.institute\/","logo":{"@type":"ImageObject","inLanguage":"en-GB","@id":"https:\/\/behindthebench.institute\/#\/schema\/logo\/image\/","url":"https:\/\/behindthebench.institute\/wp-content\/uploads\/2024\/01\/logoweb-blanco-behind-the-bench.png","contentUrl":"https:\/\/behindthebench.institute\/wp-content\/uploads\/2024\/01\/logoweb-blanco-behind-the-bench.png","width":282,"height":200,"caption":"The Behind the Bench Institute"},"image":{"@id":"https:\/\/behindthebench.institute\/#\/schema\/logo\/image\/"}}]}},"_links":{"self":[{"href":"https:\/\/behindthebench.institute\/en\/wp-json\/wp\/v2\/pages\/19","targetHints":{"allow":["GET"]}}],"collection":[{"href":"https:\/\/behindthebench.institute\/en\/wp-json\/wp\/v2\/pages"}],"about":[{"href":"https:\/\/behindthebench.institute\/en\/wp-json\/wp\/v2\/types\/page"}],"author":[{"embeddable":true,"href":"https:\/\/behindthebench.institute\/en\/wp-json\/wp\/v2\/users\/27"}],"replies":[{"embeddable":true,"href":"https:\/\/behindthebench.institute\/en\/wp-json\/wp\/v2\/comments?post=19"}],"version-history":[{"count":0,"href":"https:\/\/behindthebench.institute\/en\/wp-json\/wp\/v2\/pages\/19\/revisions"}],"wp:attachment":[{"href":"https:\/\/behindthebench.institute\/en\/wp-json\/wp\/v2\/media?parent=19"}],"curies":[{"name":"wp","href":"https:\/\/api.w.org\/{rel}","templated":true}]}}